{"id":14255,"date":"2025-01-17T09:51:10","date_gmt":"2025-01-17T09:51:10","guid":{"rendered":"https:\/\/promochaudiere.be\/produit\/vanne-de-pression-differentielle-5-41-6-mh2o-519700\/"},"modified":"2026-02-03T18:15:06","modified_gmt":"2026-02-03T17:15:06","slug":"vanne-de-pression-differentielle-5-41-6-mh2o-519700","status":"publish","type":"product","link":"https:\/\/promochaudiere.be\/nl\/product\/vanne-de-pression-differentielle-5-41-6-mh2o-519700\/","title":{"rendered":"VANNE DE PRESSION DIFFERENTIELLE 5\/4&Prime;1-6 MH2O 519700"},"content":{"rendered":"<p>Cette vanne de pression diff\u00e9rentielle permet un contr\u00f4le pr\u00e9cis du d\u00e9bit dans les circuits de chauffage. Son diam\u00e8tre 5\/4&Prime; assure une compatibilit\u00e9 avec les installations n\u00e9cessitant une r\u00e9gulation avanc\u00e9e. Elle stabilise la pression et optimise la performance \u00e9nerg\u00e9tique. Facile \u00e0 installer, elle garantit un confort thermique constant. Un accessoire essentiel pour un chauffage homog\u00e8ne et efficace.<\/p>","protected":false},"excerpt":{"rendered":"<p>VANNE DE PRESSION DIFFERENTIELLE 5\/4&Prime;1-6 MH2O 519700<\/p>","protected":false},"featured_media":22550,"comment_status":"open","ping_status":"closed","template":"","meta":[],"product_brand":[],"product_cat":[8840,5519],"product_tag":[],"class_list":{"0":"post-14255","1":"product","2":"type-product","3":"status-publish","4":"has-post-thumbnail","6":"product_cat-test","7":"product_cat-vanne","9":"first","10":"instock","11":"sale","12":"taxable","13":"shipping-taxable","14":"purchasable","15":"product-type-simple"},"aioseo_notices":[],"_links":{"self":[{"href":"https:\/\/promochaudiere.be\/nl\/wp-json\/wp\/v2\/product\/14255","targetHints":{"allow":["GET"]}}],"collection":[{"href":"https:\/\/promochaudiere.be\/nl\/wp-json\/wp\/v2\/product"}],"about":[{"href":"https:\/\/promochaudiere.be\/nl\/wp-json\/wp\/v2\/types\/product"}],"replies":[{"embeddable":true,"href":"https:\/\/promochaudiere.be\/nl\/wp-json\/wp\/v2\/comments?post=14255"}],"version-history":[{"count":1,"href":"https:\/\/promochaudiere.be\/nl\/wp-json\/wp\/v2\/product\/14255\/revisions"}],"predecessor-version":[{"id":53082,"href":"https:\/\/promochaudiere.be\/nl\/wp-json\/wp\/v2\/product\/14255\/revisions\/53082"}],"wp:featuredmedia":[{"embeddable":true,"href":"https:\/\/promochaudiere.be\/nl\/wp-json\/wp\/v2\/media\/22550"}],"wp:attachment":[{"href":"https:\/\/promochaudiere.be\/nl\/wp-json\/wp\/v2\/media?parent=14255"}],"wp:term":[{"taxonomy":"product_brand","embeddable":true,"href":"https:\/\/promochaudiere.be\/nl\/wp-json\/wp\/v2\/product_brand?post=14255"},{"taxonomy":"product_cat","embeddable":true,"href":"https:\/\/promochaudiere.be\/nl\/wp-json\/wp\/v2\/product_cat?post=14255"},{"taxonomy":"product_tag","embeddable":true,"href":"https:\/\/promochaudiere.be\/nl\/wp-json\/wp\/v2\/product_tag?post=14255"}],"curies":[{"name":"wp","href":"https:\/\/api.w.org\/{rel}","templated":true}]}}