{"id":14263,"date":"2025-01-17T09:51:13","date_gmt":"2025-01-17T09:51:13","guid":{"rendered":"https:\/\/promochaudiere.be\/produit\/bosch-kit-dentretien-wb5-8737707990\/"},"modified":"2026-02-03T18:15:05","modified_gmt":"2026-02-03T17:15:05","slug":"bosch-kit-dentretien-wb5-8737707990","status":"publish","type":"product","link":"https:\/\/promochaudiere.be\/nl\/product\/bosch-kit-dentretien-wb5-8737707990\/","title":{"rendered":"BOSCH KIT D&rsquo;ENTRETIEN WB5 8737707990"},"content":{"rendered":"<p>Le kit d\u2019entretien Bosch WB5 est con\u00e7u pour assurer l\u2019entretien optimal de votre chaudi\u00e8re et prolonger sa dur\u00e9e de vie. Il comprend les pi\u00e8ces essentielles pour garantir un fonctionnement efficace et s\u00e9curis\u00e9. Facile \u00e0 utiliser, il permet de maintenir les performances de votre installation et de pr\u00e9venir les pannes. Compatible avec les chaudi\u00e8res Bosch, il est id\u00e9al pour un entretien r\u00e9gulier. Un accessoire indispensable pour un chauffage fiable et performant toute l\u2019ann\u00e9e.<\/p>","protected":false},"excerpt":{"rendered":"<p>BOSCH KIT D&rsquo;ENTRETIEN WB5 8737707990<\/p>","protected":false},"featured_media":21605,"comment_status":"open","ping_status":"closed","template":"","meta":[],"product_brand":[],"product_cat":[9485,8840],"product_tag":[],"class_list":{"0":"post-14263","1":"product","2":"type-product","3":"status-publish","4":"has-post-thumbnail","6":"product_cat-pieces-detachees-bosch","7":"product_cat-test","8":"pa_marque-bosch","10":"first","11":"instock","12":"sale","13":"taxable","14":"shipping-taxable","15":"purchasable","16":"product-type-simple"},"aioseo_notices":[],"_links":{"self":[{"href":"https:\/\/promochaudiere.be\/nl\/wp-json\/wp\/v2\/product\/14263","targetHints":{"allow":["GET"]}}],"collection":[{"href":"https:\/\/promochaudiere.be\/nl\/wp-json\/wp\/v2\/product"}],"about":[{"href":"https:\/\/promochaudiere.be\/nl\/wp-json\/wp\/v2\/types\/product"}],"replies":[{"embeddable":true,"href":"https:\/\/promochaudiere.be\/nl\/wp-json\/wp\/v2\/comments?post=14263"}],"version-history":[{"count":1,"href":"https:\/\/promochaudiere.be\/nl\/wp-json\/wp\/v2\/product\/14263\/revisions"}],"predecessor-version":[{"id":45738,"href":"https:\/\/promochaudiere.be\/nl\/wp-json\/wp\/v2\/product\/14263\/revisions\/45738"}],"wp:featuredmedia":[{"embeddable":true,"href":"https:\/\/promochaudiere.be\/nl\/wp-json\/wp\/v2\/media\/21605"}],"wp:attachment":[{"href":"https:\/\/promochaudiere.be\/nl\/wp-json\/wp\/v2\/media?parent=14263"}],"wp:term":[{"taxonomy":"product_brand","embeddable":true,"href":"https:\/\/promochaudiere.be\/nl\/wp-json\/wp\/v2\/product_brand?post=14263"},{"taxonomy":"product_cat","embeddable":true,"href":"https:\/\/promochaudiere.be\/nl\/wp-json\/wp\/v2\/product_cat?post=14263"},{"taxonomy":"product_tag","embeddable":true,"href":"https:\/\/promochaudiere.be\/nl\/wp-json\/wp\/v2\/product_tag?post=14263"}],"curies":[{"name":"wp","href":"https:\/\/api.w.org\/{rel}","templated":true}]}}