{"id":14265,"date":"2025-01-17T09:51:14","date_gmt":"2025-01-17T09:51:14","guid":{"rendered":"https:\/\/promochaudiere.be\/produit\/vasco-raccord-bouche-5pcs-droit-ventilation-11ve40411\/"},"modified":"2025-12-17T12:20:08","modified_gmt":"2025-12-17T12:20:08","slug":"vasco-raccord-bouche-5pcs-droit-ventilation-11ve40411","status":"publish","type":"product","link":"https:\/\/promochaudiere.be\/nl\/product\/vasco-raccord-bouche-5pcs-droit-ventilation-11ve40411\/","title":{"rendered":"Vasco Raccord bouche (5pcs) droit ventilation 11VE40411"},"content":{"rendered":"<p>Ce kit de 5 raccords droits Vasco permet une connexion fiable entre les gaines et les bouches de ventilation. Il assure une jonction \u00e9tanche pour une distribution optimale de l\u2019air. Facile \u00e0 installer, il garantit une meilleure performance des circuits de ventilation. Son mat\u00e9riau robuste assure une longue dur\u00e9e de vie. Id\u00e9al pour une installation propre et efficace.<\/p>","protected":false},"excerpt":{"rendered":"<p>Vasco Raccord bouche (5pcs) droit ventilation 11VE40411<\/p>","protected":false},"featured_media":22463,"comment_status":"open","ping_status":"closed","template":"","meta":[],"product_brand":[],"product_cat":[2791,8840],"product_tag":[],"class_list":{"0":"post-14265","1":"product","2":"type-product","3":"status-publish","4":"has-post-thumbnail","6":"product_cat-accessoires-de-ventilation","7":"product_cat-test","8":"pa_marque-vasco","10":"first","11":"instock","12":"sale","13":"taxable","14":"shipping-taxable","15":"purchasable","16":"product-type-simple"},"aioseo_notices":[],"_links":{"self":[{"href":"https:\/\/promochaudiere.be\/nl\/wp-json\/wp\/v2\/product\/14265","targetHints":{"allow":["GET"]}}],"collection":[{"href":"https:\/\/promochaudiere.be\/nl\/wp-json\/wp\/v2\/product"}],"about":[{"href":"https:\/\/promochaudiere.be\/nl\/wp-json\/wp\/v2\/types\/product"}],"replies":[{"embeddable":true,"href":"https:\/\/promochaudiere.be\/nl\/wp-json\/wp\/v2\/comments?post=14265"}],"version-history":[{"count":1,"href":"https:\/\/promochaudiere.be\/nl\/wp-json\/wp\/v2\/product\/14265\/revisions"}],"predecessor-version":[{"id":53077,"href":"https:\/\/promochaudiere.be\/nl\/wp-json\/wp\/v2\/product\/14265\/revisions\/53077"}],"wp:featuredmedia":[{"embeddable":true,"href":"https:\/\/promochaudiere.be\/nl\/wp-json\/wp\/v2\/media\/22463"}],"wp:attachment":[{"href":"https:\/\/promochaudiere.be\/nl\/wp-json\/wp\/v2\/media?parent=14265"}],"wp:term":[{"taxonomy":"product_brand","embeddable":true,"href":"https:\/\/promochaudiere.be\/nl\/wp-json\/wp\/v2\/product_brand?post=14265"},{"taxonomy":"product_cat","embeddable":true,"href":"https:\/\/promochaudiere.be\/nl\/wp-json\/wp\/v2\/product_cat?post=14265"},{"taxonomy":"product_tag","embeddable":true,"href":"https:\/\/promochaudiere.be\/nl\/wp-json\/wp\/v2\/product_tag?post=14265"}],"curies":[{"name":"wp","href":"https:\/\/api.w.org\/{rel}","templated":true}]}}