{"id":14266,"date":"2025-01-17T09:51:15","date_gmt":"2025-01-17T09:51:15","guid":{"rendered":"https:\/\/promochaudiere.be\/produit\/vanne-gaz-magnet-nf-automat-1-2ff-02b-gco100083\/"},"modified":"2026-02-03T18:15:05","modified_gmt":"2026-02-03T17:15:05","slug":"vanne-gaz-magnet-nf-automat-1-2ff-02b-gco100083","status":"publish","type":"product","link":"https:\/\/promochaudiere.be\/nl\/product\/vanne-gaz-magnet-nf-automat-1-2ff-02b-gco100083\/","title":{"rendered":"VANNE GAZ MAGNET.NF AUTOMAT.1\/2&Prime;FF 0,2B GCO100083"},"content":{"rendered":"<p>La vanne GCO100083 est une vanne magn\u00e9tique NF \u00e0 commande automatique, id\u00e9ale pour s\u00e9curiser l\u2019alimentation en gaz. Elle garantit une fermeture rapide en cas d\u2019urgence. Facile \u00e0 int\u00e9grer aux syst\u00e8mes existants, elle assure un fonctionnement s\u00e9curis\u00e9 et sans faille.<\/p>","protected":false},"excerpt":{"rendered":"<p>VANNE GAZ MAGNET.NF AUTOMAT.1\/2&Prime;FF 0,2B GCO100083<\/p>","protected":false},"featured_media":21561,"comment_status":"open","ping_status":"closed","template":"","meta":[],"product_brand":[],"product_cat":[5549,8840],"product_tag":[],"class_list":{"0":"post-14266","1":"product","2":"type-product","3":"status-publish","4":"has-post-thumbnail","6":"product_cat-accessoires-gaz","7":"product_cat-test","9":"first","10":"instock","11":"sale","12":"taxable","13":"shipping-taxable","14":"purchasable","15":"product-type-simple"},"aioseo_notices":[],"_links":{"self":[{"href":"https:\/\/promochaudiere.be\/nl\/wp-json\/wp\/v2\/product\/14266","targetHints":{"allow":["GET"]}}],"collection":[{"href":"https:\/\/promochaudiere.be\/nl\/wp-json\/wp\/v2\/product"}],"about":[{"href":"https:\/\/promochaudiere.be\/nl\/wp-json\/wp\/v2\/types\/product"}],"replies":[{"embeddable":true,"href":"https:\/\/promochaudiere.be\/nl\/wp-json\/wp\/v2\/comments?post=14266"}],"version-history":[{"count":1,"href":"https:\/\/promochaudiere.be\/nl\/wp-json\/wp\/v2\/product\/14266\/revisions"}],"predecessor-version":[{"id":53076,"href":"https:\/\/promochaudiere.be\/nl\/wp-json\/wp\/v2\/product\/14266\/revisions\/53076"}],"wp:featuredmedia":[{"embeddable":true,"href":"https:\/\/promochaudiere.be\/nl\/wp-json\/wp\/v2\/media\/21561"}],"wp:attachment":[{"href":"https:\/\/promochaudiere.be\/nl\/wp-json\/wp\/v2\/media?parent=14266"}],"wp:term":[{"taxonomy":"product_brand","embeddable":true,"href":"https:\/\/promochaudiere.be\/nl\/wp-json\/wp\/v2\/product_brand?post=14266"},{"taxonomy":"product_cat","embeddable":true,"href":"https:\/\/promochaudiere.be\/nl\/wp-json\/wp\/v2\/product_cat?post=14266"},{"taxonomy":"product_tag","embeddable":true,"href":"https:\/\/promochaudiere.be\/nl\/wp-json\/wp\/v2\/product_tag?post=14266"}],"curies":[{"name":"wp","href":"https:\/\/api.w.org\/{rel}","templated":true}]}}