{"id":14268,"date":"2025-01-17T09:51:16","date_gmt":"2025-01-17T09:51:16","guid":{"rendered":"https:\/\/promochaudiere.be\/produit\/duco-support-montage-au-sol-ducobox-energy-comfort-00004546\/"},"modified":"2026-02-03T18:15:05","modified_gmt":"2026-02-03T17:15:05","slug":"duco-support-montage-au-sol-ducobox-energy-comfort-00004546","status":"publish","type":"product","link":"https:\/\/promochaudiere.be\/nl\/product\/duco-support-montage-au-sol-ducobox-energy-comfort-00004546\/","title":{"rendered":"DUCO SUPPORT MONTAGE AU SOL DUCOBOX ENERGY COMFORT 00004546"},"content":{"rendered":"<p>Ce support de montage est con\u00e7u pour fixer solidement les unit\u00e9s de ventilation DucoBox Energy Comfort. Il garantit une installation stable et s\u00e9curis\u00e9e sur le sol. Fabriqu\u00e9 avec des mat\u00e9riaux robustes, il assure une r\u00e9sistance optimale aux charges. Il facilite l\u2019int\u00e9gration de l\u2019appareil dans les installations existantes. Son design ergonomique simplifie la mise en place et l\u2019entretien. Un accessoire indispensable pour optimiser la fixation des unit\u00e9s de ventilation.<\/p>","protected":false},"excerpt":{"rendered":"<p>DUCO SUPPORT MONTAGE AU SOL DUCOBOX ENERGY COMFORT 00004546<\/p>","protected":false},"featured_media":22374,"comment_status":"open","ping_status":"closed","template":"","meta":[],"product_brand":[],"product_cat":[10943,8840],"product_tag":[],"class_list":{"0":"post-14268","1":"product","2":"type-product","3":"status-publish","4":"has-post-thumbnail","6":"product_cat-accessoires-duco","7":"product_cat-test","8":"pa_marque-duco","10":"first","11":"instock","12":"sale","13":"taxable","14":"shipping-taxable","15":"purchasable","16":"product-type-simple"},"aioseo_notices":[],"_links":{"self":[{"href":"https:\/\/promochaudiere.be\/nl\/wp-json\/wp\/v2\/product\/14268","targetHints":{"allow":["GET"]}}],"collection":[{"href":"https:\/\/promochaudiere.be\/nl\/wp-json\/wp\/v2\/product"}],"about":[{"href":"https:\/\/promochaudiere.be\/nl\/wp-json\/wp\/v2\/types\/product"}],"replies":[{"embeddable":true,"href":"https:\/\/promochaudiere.be\/nl\/wp-json\/wp\/v2\/comments?post=14268"}],"version-history":[{"count":1,"href":"https:\/\/promochaudiere.be\/nl\/wp-json\/wp\/v2\/product\/14268\/revisions"}],"predecessor-version":[{"id":45734,"href":"https:\/\/promochaudiere.be\/nl\/wp-json\/wp\/v2\/product\/14268\/revisions\/45734"}],"wp:featuredmedia":[{"embeddable":true,"href":"https:\/\/promochaudiere.be\/nl\/wp-json\/wp\/v2\/media\/22374"}],"wp:attachment":[{"href":"https:\/\/promochaudiere.be\/nl\/wp-json\/wp\/v2\/media?parent=14268"}],"wp:term":[{"taxonomy":"product_brand","embeddable":true,"href":"https:\/\/promochaudiere.be\/nl\/wp-json\/wp\/v2\/product_brand?post=14268"},{"taxonomy":"product_cat","embeddable":true,"href":"https:\/\/promochaudiere.be\/nl\/wp-json\/wp\/v2\/product_cat?post=14268"},{"taxonomy":"product_tag","embeddable":true,"href":"https:\/\/promochaudiere.be\/nl\/wp-json\/wp\/v2\/product_tag?post=14268"}],"curies":[{"name":"wp","href":"https:\/\/api.w.org\/{rel}","templated":true}]}}