{"id":14269,"date":"2025-01-17T09:51:16","date_gmt":"2025-01-17T09:51:16","guid":{"rendered":"https:\/\/promochaudiere.be\/produit\/daalderop-siege-de-support-pour-boiler-electrique-itho-new-0400203\/"},"modified":"2026-04-24T18:55:11","modified_gmt":"2026-04-24T16:55:11","slug":"daalderop-siege-de-support-pour-boiler-electrique-itho-new-0400203","status":"publish","type":"product","link":"https:\/\/promochaudiere.be\/nl\/product\/daalderop-siege-de-support-pour-boiler-electrique-itho-new-0400203\/","title":{"rendered":"DAALDEROP SI\u00c8GE DE SUPPORT POUR BOILER \u00c9LECTRIQUE ITHO NEW 0400203"},"content":{"rendered":"<p>Ce si\u00e8ge de support Daalderop permet une fixation stable des boilers \u00e9lectriques. Il assure une installation s\u00e9curis\u00e9e et r\u00e9duit les vibrations pendant l\u2019utilisation. Fabriqu\u00e9 en mat\u00e9riau r\u00e9sistant, il garantit une excellente durabilit\u00e9. Facile \u00e0 monter, il s\u2019adapte \u00e0 divers mod\u00e8les de chauffe-eau. Un accessoire pratique pour une installation fiable.<\/p>","protected":false},"excerpt":{"rendered":"<p>DAALDEROP SI\u00c8GE DE SUPPORT POUR BOILER \u00c9LECTRIQUE ITHO NEW 0400203<\/p>","protected":false},"featured_media":21839,"comment_status":"closed","ping_status":"closed","template":"","meta":[],"product_brand":[],"product_cat":[5675,8840],"product_tag":[],"class_list":{"0":"post-14269","1":"product","2":"type-product","3":"status-publish","4":"has-post-thumbnail","6":"product_cat-accessoire-boiler","7":"product_cat-test","8":"pa_marque-itho-daalderop","10":"first","11":"instock","12":"sale","13":"taxable","14":"shipping-taxable","15":"purchasable","16":"product-type-simple"},"aioseo_notices":[],"_links":{"self":[{"href":"https:\/\/promochaudiere.be\/nl\/wp-json\/wp\/v2\/product\/14269","targetHints":{"allow":["GET"]}}],"collection":[{"href":"https:\/\/promochaudiere.be\/nl\/wp-json\/wp\/v2\/product"}],"about":[{"href":"https:\/\/promochaudiere.be\/nl\/wp-json\/wp\/v2\/types\/product"}],"replies":[{"embeddable":true,"href":"https:\/\/promochaudiere.be\/nl\/wp-json\/wp\/v2\/comments?post=14269"}],"version-history":[{"count":1,"href":"https:\/\/promochaudiere.be\/nl\/wp-json\/wp\/v2\/product\/14269\/revisions"}],"predecessor-version":[{"id":45735,"href":"https:\/\/promochaudiere.be\/nl\/wp-json\/wp\/v2\/product\/14269\/revisions\/45735"}],"wp:featuredmedia":[{"embeddable":true,"href":"https:\/\/promochaudiere.be\/nl\/wp-json\/wp\/v2\/media\/21839"}],"wp:attachment":[{"href":"https:\/\/promochaudiere.be\/nl\/wp-json\/wp\/v2\/media?parent=14269"}],"wp:term":[{"taxonomy":"product_brand","embeddable":true,"href":"https:\/\/promochaudiere.be\/nl\/wp-json\/wp\/v2\/product_brand?post=14269"},{"taxonomy":"product_cat","embeddable":true,"href":"https:\/\/promochaudiere.be\/nl\/wp-json\/wp\/v2\/product_cat?post=14269"},{"taxonomy":"product_tag","embeddable":true,"href":"https:\/\/promochaudiere.be\/nl\/wp-json\/wp\/v2\/product_tag?post=14269"}],"curies":[{"name":"wp","href":"https:\/\/api.w.org\/{rel}","templated":true}]}}