{"id":14270,"date":"2025-01-17T09:51:16","date_gmt":"2025-01-17T09:51:16","guid":{"rendered":"https:\/\/promochaudiere.be\/produit\/cintropur-lampe-ultra-violet-25w-pour-filtre-trio-fwuvlamp2100\/"},"modified":"2026-02-03T18:15:06","modified_gmt":"2026-02-03T17:15:06","slug":"cintropur-lampe-ultra-violet-25w-pour-filtre-trio-fwuvlamp2100","status":"publish","type":"product","link":"https:\/\/promochaudiere.be\/nl\/product\/cintropur-lampe-ultra-violet-25w-pour-filtre-trio-fwuvlamp2100\/","title":{"rendered":"Cintropur lampe ultra violet  25w pour filtre trio FWUVLAMP2100"},"content":{"rendered":"<p>La lampe UV Cintropur 25W est con\u00e7ue pour assurer une st\u00e9rilisation efficace de l\u2019eau en \u00e9liminant les bact\u00e9ries et les virus. Compatible avec les filtres Cintropur, elle garantit une eau propre et saine. Facile \u00e0 installer et \u00e0 remplacer, elle assure un traitement de l\u2019eau sans produits chimiques. Un accessoire indispensable pour une d\u00e9sinfection optimale.<\/p>","protected":false},"excerpt":{"rendered":"<p>Cintropur lampe ultra violet  25w pour filtre trio FWUVLAMP2100<\/p>","protected":false},"featured_media":21456,"comment_status":"open","ping_status":"closed","template":"","meta":[],"product_brand":[],"product_cat":[5491,8840],"product_tag":[],"class_list":{"0":"post-14270","1":"product","2":"type-product","3":"status-publish","4":"has-post-thumbnail","6":"product_cat-accessoires-fr","7":"product_cat-test","9":"first","10":"instock","11":"sale","12":"taxable","13":"shipping-taxable","14":"purchasable","15":"product-type-simple"},"aioseo_notices":[],"_links":{"self":[{"href":"https:\/\/promochaudiere.be\/nl\/wp-json\/wp\/v2\/product\/14270","targetHints":{"allow":["GET"]}}],"collection":[{"href":"https:\/\/promochaudiere.be\/nl\/wp-json\/wp\/v2\/product"}],"about":[{"href":"https:\/\/promochaudiere.be\/nl\/wp-json\/wp\/v2\/types\/product"}],"replies":[{"embeddable":true,"href":"https:\/\/promochaudiere.be\/nl\/wp-json\/wp\/v2\/comments?post=14270"}],"version-history":[{"count":1,"href":"https:\/\/promochaudiere.be\/nl\/wp-json\/wp\/v2\/product\/14270\/revisions"}],"predecessor-version":[{"id":53074,"href":"https:\/\/promochaudiere.be\/nl\/wp-json\/wp\/v2\/product\/14270\/revisions\/53074"}],"wp:featuredmedia":[{"embeddable":true,"href":"https:\/\/promochaudiere.be\/nl\/wp-json\/wp\/v2\/media\/21456"}],"wp:attachment":[{"href":"https:\/\/promochaudiere.be\/nl\/wp-json\/wp\/v2\/media?parent=14270"}],"wp:term":[{"taxonomy":"product_brand","embeddable":true,"href":"https:\/\/promochaudiere.be\/nl\/wp-json\/wp\/v2\/product_brand?post=14270"},{"taxonomy":"product_cat","embeddable":true,"href":"https:\/\/promochaudiere.be\/nl\/wp-json\/wp\/v2\/product_cat?post=14270"},{"taxonomy":"product_tag","embeddable":true,"href":"https:\/\/promochaudiere.be\/nl\/wp-json\/wp\/v2\/product_tag?post=14270"}],"curies":[{"name":"wp","href":"https:\/\/api.w.org\/{rel}","templated":true}]}}