{"id":14271,"date":"2025-01-17T09:51:17","date_gmt":"2025-01-17T09:51:17","guid":{"rendered":"https:\/\/promochaudiere.be\/produit\/bosch-thermostat-de-radiateur-programmable-avec-wifi-pour-easycontrol-ct200-7736701574\/"},"modified":"2026-02-03T19:39:55","modified_gmt":"2026-02-03T18:39:55","slug":"bosch-thermostat-de-radiateur-programmable-avec-wifi-pour-easycontrol-ct200-7736701574","status":"publish","type":"product","link":"https:\/\/promochaudiere.be\/nl\/product\/bosch-thermostat-de-radiateur-programmable-avec-wifi-pour-easycontrol-ct200-7736701574\/","title":{"rendered":"BOSCH THERMOSTAT DE RADIATEUR PROGRAMMABLE AVEC WIFI POUR EASYCONTROL CT200 7736701574"},"content":{"rendered":"<p>Ce thermostat de radiateur programmable Bosch permet un contr\u00f4le pr\u00e9cis de la temp\u00e9rature gr\u00e2ce \u00e0 sa connexion Bluetooth. Il offre une gestion intelligente du chauffage et permet de r\u00e9duire la consommation \u00e9nerg\u00e9tique. Son affichage clair et sa programmation facile assurent un confort optimal. Compatible avec de nombreux mod\u00e8les de radiateurs, il est simple \u00e0 installer et \u00e0 utiliser. Un accessoire essentiel pour un chauffage efficace et \u00e9conomique.<\/p>","protected":false},"excerpt":{"rendered":"<p>BOSCH THERMOSTAT DE RADIATEUR PROGRAMMABLE AVEC WIFI POUR EASYCONTROL CT200 7736701574<\/p>","protected":false},"featured_media":21850,"comment_status":"open","ping_status":"closed","template":"","meta":[],"product_brand":[],"product_cat":[8840,578],"product_tag":[],"class_list":{"0":"post-14271","1":"product","2":"type-product","3":"status-publish","4":"has-post-thumbnail","6":"product_cat-test","7":"product_cat-thermostat-bosch-fr","8":"pa_marque-bosch","10":"first","11":"instock","12":"sale","13":"taxable","14":"shipping-taxable","15":"purchasable","16":"product-type-simple"},"aioseo_notices":[],"_links":{"self":[{"href":"https:\/\/promochaudiere.be\/nl\/wp-json\/wp\/v2\/product\/14271","targetHints":{"allow":["GET"]}}],"collection":[{"href":"https:\/\/promochaudiere.be\/nl\/wp-json\/wp\/v2\/product"}],"about":[{"href":"https:\/\/promochaudiere.be\/nl\/wp-json\/wp\/v2\/types\/product"}],"replies":[{"embeddable":true,"href":"https:\/\/promochaudiere.be\/nl\/wp-json\/wp\/v2\/comments?post=14271"}],"version-history":[{"count":1,"href":"https:\/\/promochaudiere.be\/nl\/wp-json\/wp\/v2\/product\/14271\/revisions"}],"predecessor-version":[{"id":45732,"href":"https:\/\/promochaudiere.be\/nl\/wp-json\/wp\/v2\/product\/14271\/revisions\/45732"}],"wp:featuredmedia":[{"embeddable":true,"href":"https:\/\/promochaudiere.be\/nl\/wp-json\/wp\/v2\/media\/21850"}],"wp:attachment":[{"href":"https:\/\/promochaudiere.be\/nl\/wp-json\/wp\/v2\/media?parent=14271"}],"wp:term":[{"taxonomy":"product_brand","embeddable":true,"href":"https:\/\/promochaudiere.be\/nl\/wp-json\/wp\/v2\/product_brand?post=14271"},{"taxonomy":"product_cat","embeddable":true,"href":"https:\/\/promochaudiere.be\/nl\/wp-json\/wp\/v2\/product_cat?post=14271"},{"taxonomy":"product_tag","embeddable":true,"href":"https:\/\/promochaudiere.be\/nl\/wp-json\/wp\/v2\/product_tag?post=14271"}],"curies":[{"name":"wp","href":"https:\/\/api.w.org\/{rel}","templated":true}]}}