{"id":14272,"date":"2025-01-17T09:51:17","date_gmt":"2025-01-17T09:51:17","guid":{"rendered":"https:\/\/promochaudiere.be\/produit\/honey-vfx1282da1536-set-therafix-1-2-droit-vfx1282da1536\/"},"modified":"2026-02-03T18:15:13","modified_gmt":"2026-02-03T17:15:13","slug":"honey-vfx1282da1536-set-therafix-1-2-droit-vfx1282da1536","status":"publish","type":"product","link":"https:\/\/promochaudiere.be\/nl\/product\/honey-vfx1282da1536-set-therafix-1-2-droit-vfx1282da1536\/","title":{"rendered":"Honey VFX1282DA1536 set therafix 1\/2 droit VFX1282DA1536"},"content":{"rendered":"<p>Ce set Therafix Honeywell est con\u00e7u pour les installations de chauffage n\u00e9cessitant une connexion droite et un contr\u00f4le pr\u00e9cis du d\u00e9bit. Il int\u00e8gre un syst\u00e8me de r\u00e9gulation performant qui optimise la r\u00e9partition de la chaleur. Sa fabrication en laiton lui conf\u00e8re une excellente r\u00e9sistance \u00e0 la pression et \u00e0 la corrosion. Facile \u00e0 installer, il garantit une \u00e9tanch\u00e9it\u00e9 parfaite et un fonctionnement fiable. Compatible avec les syst\u00e8mes de chauffage modernes, il contribue \u00e0 une meilleure efficacit\u00e9 \u00e9nerg\u00e9tique. Un accessoire id\u00e9al pour une gestion thermique optimis\u00e9e.<\/p>","protected":false},"excerpt":{"rendered":"<p>Honey VFX1282DA1536 set therafix 1\/2 droit VFX1282DA1536<\/p>","protected":false},"featured_media":22361,"comment_status":"open","ping_status":"closed","template":"","meta":[],"product_brand":[],"product_cat":[11005,8840],"product_tag":[],"class_list":{"0":"post-14272","1":"product","2":"type-product","3":"status-publish","4":"has-post-thumbnail","6":"product_cat-raccordement-radiateur-fr","7":"product_cat-test","8":"pa_marque-honeywell","10":"first","11":"instock","12":"sale","13":"taxable","14":"shipping-taxable","15":"purchasable","16":"product-type-simple"},"aioseo_notices":[],"_links":{"self":[{"href":"https:\/\/promochaudiere.be\/nl\/wp-json\/wp\/v2\/product\/14272","targetHints":{"allow":["GET"]}}],"collection":[{"href":"https:\/\/promochaudiere.be\/nl\/wp-json\/wp\/v2\/product"}],"about":[{"href":"https:\/\/promochaudiere.be\/nl\/wp-json\/wp\/v2\/types\/product"}],"replies":[{"embeddable":true,"href":"https:\/\/promochaudiere.be\/nl\/wp-json\/wp\/v2\/comments?post=14272"}],"version-history":[{"count":1,"href":"https:\/\/promochaudiere.be\/nl\/wp-json\/wp\/v2\/product\/14272\/revisions"}],"predecessor-version":[{"id":45733,"href":"https:\/\/promochaudiere.be\/nl\/wp-json\/wp\/v2\/product\/14272\/revisions\/45733"}],"wp:featuredmedia":[{"embeddable":true,"href":"https:\/\/promochaudiere.be\/nl\/wp-json\/wp\/v2\/media\/22361"}],"wp:attachment":[{"href":"https:\/\/promochaudiere.be\/nl\/wp-json\/wp\/v2\/media?parent=14272"}],"wp:term":[{"taxonomy":"product_brand","embeddable":true,"href":"https:\/\/promochaudiere.be\/nl\/wp-json\/wp\/v2\/product_brand?post=14272"},{"taxonomy":"product_cat","embeddable":true,"href":"https:\/\/promochaudiere.be\/nl\/wp-json\/wp\/v2\/product_cat?post=14272"},{"taxonomy":"product_tag","embeddable":true,"href":"https:\/\/promochaudiere.be\/nl\/wp-json\/wp\/v2\/product_tag?post=14272"}],"curies":[{"name":"wp","href":"https:\/\/api.w.org\/{rel}","templated":true}]}}