{"id":14273,"date":"2025-01-17T09:51:17","date_gmt":"2025-01-17T09:51:17","guid":{"rendered":"https:\/\/promochaudiere.be\/produit\/minuteur-sans-fil-rf-3-plages-de-temps-655000780\/"},"modified":"2026-02-03T19:39:55","modified_gmt":"2026-02-03T18:39:55","slug":"minuteur-sans-fil-rf-3-plages-de-temps-655000780","status":"publish","type":"product","link":"https:\/\/promochaudiere.be\/nl\/product\/minuteur-sans-fil-rf-3-plages-de-temps-655000780\/","title":{"rendered":"MINUTEUR SANS FIL RF  (3 PLAGES DE TEMPS) 655000780"},"content":{"rendered":"<p>Ce minuteur sans fil RF permet de programmer des plages de fonctionnement pour les syst\u00e8mes \u00e9lectriques et de chauffage. Il offre trois options de temporisation ajustables selon les besoins. Son installation sans fil le rend compatible avec divers \u00e9quipements. Son interface intuitive facilite la configuration et l\u2019utilisation. Id\u00e9al pour une gestion automatis\u00e9e et optimis\u00e9e du chauffage et des dispositifs \u00e9lectriques.<\/p>","protected":false},"excerpt":{"rendered":"<p>MINUTEUR SANS FIL RF (3 PLAGES DE TEMPS) 655000780<\/p>","protected":false},"featured_media":22238,"comment_status":"open","ping_status":"closed","template":"","meta":[],"product_brand":[],"product_cat":[10895,8840],"product_tag":[],"class_list":{"0":"post-14273","1":"product","2":"type-product","3":"status-publish","4":"has-post-thumbnail","6":"product_cat-accessoires-zehnder","7":"product_cat-test","9":"first","10":"instock","11":"sale","12":"taxable","13":"shipping-taxable","14":"purchasable","15":"product-type-simple"},"aioseo_notices":[],"_links":{"self":[{"href":"https:\/\/promochaudiere.be\/nl\/wp-json\/wp\/v2\/product\/14273","targetHints":{"allow":["GET"]}}],"collection":[{"href":"https:\/\/promochaudiere.be\/nl\/wp-json\/wp\/v2\/product"}],"about":[{"href":"https:\/\/promochaudiere.be\/nl\/wp-json\/wp\/v2\/types\/product"}],"replies":[{"embeddable":true,"href":"https:\/\/promochaudiere.be\/nl\/wp-json\/wp\/v2\/comments?post=14273"}],"version-history":[{"count":1,"href":"https:\/\/promochaudiere.be\/nl\/wp-json\/wp\/v2\/product\/14273\/revisions"}],"predecessor-version":[{"id":53073,"href":"https:\/\/promochaudiere.be\/nl\/wp-json\/wp\/v2\/product\/14273\/revisions\/53073"}],"wp:featuredmedia":[{"embeddable":true,"href":"https:\/\/promochaudiere.be\/nl\/wp-json\/wp\/v2\/media\/22238"}],"wp:attachment":[{"href":"https:\/\/promochaudiere.be\/nl\/wp-json\/wp\/v2\/media?parent=14273"}],"wp:term":[{"taxonomy":"product_brand","embeddable":true,"href":"https:\/\/promochaudiere.be\/nl\/wp-json\/wp\/v2\/product_brand?post=14273"},{"taxonomy":"product_cat","embeddable":true,"href":"https:\/\/promochaudiere.be\/nl\/wp-json\/wp\/v2\/product_cat?post=14273"},{"taxonomy":"product_tag","embeddable":true,"href":"https:\/\/promochaudiere.be\/nl\/wp-json\/wp\/v2\/product_tag?post=14273"}],"curies":[{"name":"wp","href":"https:\/\/api.w.org\/{rel}","templated":true}]}}