{"id":14274,"date":"2025-01-17T09:51:18","date_gmt":"2025-01-17T09:51:18","guid":{"rendered":"https:\/\/promochaudiere.be\/produit\/vaillant-moteur-vhr-ecomax-255025\/"},"modified":"2026-02-03T18:15:06","modified_gmt":"2026-02-03T17:15:06","slug":"vaillant-moteur-vhr-ecomax-255025","status":"publish","type":"product","link":"https:\/\/promochaudiere.be\/nl\/product\/vaillant-moteur-vhr-ecomax-255025\/","title":{"rendered":"Vaillant moteur VHR Ecomax  255025"},"content":{"rendered":"<p>Ce moteur VHR Ecomax de Vaillant est con\u00e7u pour assurer une ventilation optimale dans les syst\u00e8mes de chauffage. Il garantit un fonctionnement silencieux et \u00e9conome en \u00e9nergie.<\/p>","protected":false},"excerpt":{"rendered":"<p>Vaillant moteur VHR Ecomax  255025<\/p>","protected":false},"featured_media":21802,"comment_status":"open","ping_status":"closed","template":"","meta":[],"product_brand":[],"product_cat":[8917,8840],"product_tag":[],"class_list":{"0":"post-14274","1":"product","2":"type-product","3":"status-publish","4":"has-post-thumbnail","6":"product_cat-pieces-detachees-vaillant","7":"product_cat-test","8":"pa_marque-vaillant","10":"first","11":"instock","12":"sale","13":"taxable","14":"shipping-taxable","15":"purchasable","16":"product-type-simple"},"aioseo_notices":[],"_links":{"self":[{"href":"https:\/\/promochaudiere.be\/nl\/wp-json\/wp\/v2\/product\/14274","targetHints":{"allow":["GET"]}}],"collection":[{"href":"https:\/\/promochaudiere.be\/nl\/wp-json\/wp\/v2\/product"}],"about":[{"href":"https:\/\/promochaudiere.be\/nl\/wp-json\/wp\/v2\/types\/product"}],"replies":[{"embeddable":true,"href":"https:\/\/promochaudiere.be\/nl\/wp-json\/wp\/v2\/comments?post=14274"}],"version-history":[{"count":1,"href":"https:\/\/promochaudiere.be\/nl\/wp-json\/wp\/v2\/product\/14274\/revisions"}],"predecessor-version":[{"id":53072,"href":"https:\/\/promochaudiere.be\/nl\/wp-json\/wp\/v2\/product\/14274\/revisions\/53072"}],"wp:featuredmedia":[{"embeddable":true,"href":"https:\/\/promochaudiere.be\/nl\/wp-json\/wp\/v2\/media\/21802"}],"wp:attachment":[{"href":"https:\/\/promochaudiere.be\/nl\/wp-json\/wp\/v2\/media?parent=14274"}],"wp:term":[{"taxonomy":"product_brand","embeddable":true,"href":"https:\/\/promochaudiere.be\/nl\/wp-json\/wp\/v2\/product_brand?post=14274"},{"taxonomy":"product_cat","embeddable":true,"href":"https:\/\/promochaudiere.be\/nl\/wp-json\/wp\/v2\/product_cat?post=14274"},{"taxonomy":"product_tag","embeddable":true,"href":"https:\/\/promochaudiere.be\/nl\/wp-json\/wp\/v2\/product_tag?post=14274"}],"curies":[{"name":"wp","href":"https:\/\/api.w.org\/{rel}","templated":true}]}}