{"id":14275,"date":"2025-01-17T09:51:18","date_gmt":"2025-01-17T09:51:18","guid":{"rendered":"https:\/\/promochaudiere.be\/produit\/vanne-propane-magnetique-nf-manuel-3-4ff-05b-gco100077\/"},"modified":"2026-02-03T18:15:05","modified_gmt":"2026-02-03T17:15:05","slug":"vanne-propane-magnetique-nf-manuel-3-4ff-05b-gco100077","status":"publish","type":"product","link":"https:\/\/promochaudiere.be\/nl\/product\/vanne-propane-magnetique-nf-manuel-3-4ff-05b-gco100077\/","title":{"rendered":"VANNE PROPANE MAGNETIQUE NF MANUEL 3\/4&Prime;FF 0,5B GCO100077"},"content":{"rendered":"<p>Cette vanne magn\u00e9tique NF pour propane assure un contr\u00f4le s\u00e9curis\u00e9 du gaz. Son m\u00e9canisme manuel permet une ouverture et une fermeture pr\u00e9cises. Con\u00e7ue pour une installation facile, elle garantit une \u00e9tanch\u00e9it\u00e9 parfaite et une utilisation fiable sur le long terme.<\/p>","protected":false},"excerpt":{"rendered":"<p>VANNE PROPANE MAGNETIQUE NF MANUEL 3\/4&Prime;FF 0,5B GCO100077<\/p>","protected":false},"featured_media":21468,"comment_status":"open","ping_status":"closed","template":"","meta":[],"product_brand":[],"product_cat":[5549,8840],"product_tag":[],"class_list":{"0":"post-14275","1":"product","2":"type-product","3":"status-publish","4":"has-post-thumbnail","6":"product_cat-accessoires-gaz","7":"product_cat-test","9":"first","10":"instock","11":"sale","12":"taxable","13":"shipping-taxable","14":"purchasable","15":"product-type-simple"},"aioseo_notices":[],"_links":{"self":[{"href":"https:\/\/promochaudiere.be\/nl\/wp-json\/wp\/v2\/product\/14275","targetHints":{"allow":["GET"]}}],"collection":[{"href":"https:\/\/promochaudiere.be\/nl\/wp-json\/wp\/v2\/product"}],"about":[{"href":"https:\/\/promochaudiere.be\/nl\/wp-json\/wp\/v2\/types\/product"}],"replies":[{"embeddable":true,"href":"https:\/\/promochaudiere.be\/nl\/wp-json\/wp\/v2\/comments?post=14275"}],"version-history":[{"count":1,"href":"https:\/\/promochaudiere.be\/nl\/wp-json\/wp\/v2\/product\/14275\/revisions"}],"predecessor-version":[{"id":53071,"href":"https:\/\/promochaudiere.be\/nl\/wp-json\/wp\/v2\/product\/14275\/revisions\/53071"}],"wp:featuredmedia":[{"embeddable":true,"href":"https:\/\/promochaudiere.be\/nl\/wp-json\/wp\/v2\/media\/21468"}],"wp:attachment":[{"href":"https:\/\/promochaudiere.be\/nl\/wp-json\/wp\/v2\/media?parent=14275"}],"wp:term":[{"taxonomy":"product_brand","embeddable":true,"href":"https:\/\/promochaudiere.be\/nl\/wp-json\/wp\/v2\/product_brand?post=14275"},{"taxonomy":"product_cat","embeddable":true,"href":"https:\/\/promochaudiere.be\/nl\/wp-json\/wp\/v2\/product_cat?post=14275"},{"taxonomy":"product_tag","embeddable":true,"href":"https:\/\/promochaudiere.be\/nl\/wp-json\/wp\/v2\/product_tag?post=14275"}],"curies":[{"name":"wp","href":"https:\/\/api.w.org\/{rel}","templated":true}]}}