{"id":14279,"date":"2025-01-17T09:51:19","date_gmt":"2025-01-17T09:51:19","guid":{"rendered":"https:\/\/promochaudiere.be\/produit\/vanne-gaz-magnet-nf-automat-3-4ff-02b-gco100084\/"},"modified":"2026-02-03T18:15:06","modified_gmt":"2026-02-03T17:15:06","slug":"vanne-gaz-magnet-nf-automat-3-4ff-02b-gco100084","status":"publish","type":"product","link":"https:\/\/promochaudiere.be\/nl\/product\/vanne-gaz-magnet-nf-automat-3-4ff-02b-gco100084\/","title":{"rendered":"VANNE GAZ MAGNET.NF AUTOMAT.3\/4&Prime;FF 0,2B GCO100084"},"content":{"rendered":"<p>Cette vanne magn\u00e9tique NF pour gaz de 3\/4&Prime; permet un contr\u00f4le automatique et s\u00e9curis\u00e9 de l\u2019alimentation en gaz. Son syst\u00e8me de fermeture rapide assure une protection optimale contre les fuites. Con\u00e7ue en mat\u00e9riau r\u00e9sistant, elle offre une durabilit\u00e9 exceptionnelle.<\/p>","protected":false},"excerpt":{"rendered":"<p>VANNE GAZ MAGNET.NF AUTOMAT.3\/4&Prime;FF 0,2B GCO100084<\/p>","protected":false},"featured_media":21469,"comment_status":"open","ping_status":"closed","template":"","meta":[],"product_brand":[],"product_cat":[5549,8840],"product_tag":[],"class_list":{"0":"post-14279","1":"product","2":"type-product","3":"status-publish","4":"has-post-thumbnail","6":"product_cat-accessoires-gaz","7":"product_cat-test","9":"first","10":"instock","11":"sale","12":"taxable","13":"shipping-taxable","14":"purchasable","15":"product-type-simple"},"aioseo_notices":[],"_links":{"self":[{"href":"https:\/\/promochaudiere.be\/nl\/wp-json\/wp\/v2\/product\/14279","targetHints":{"allow":["GET"]}}],"collection":[{"href":"https:\/\/promochaudiere.be\/nl\/wp-json\/wp\/v2\/product"}],"about":[{"href":"https:\/\/promochaudiere.be\/nl\/wp-json\/wp\/v2\/types\/product"}],"replies":[{"embeddable":true,"href":"https:\/\/promochaudiere.be\/nl\/wp-json\/wp\/v2\/comments?post=14279"}],"version-history":[{"count":1,"href":"https:\/\/promochaudiere.be\/nl\/wp-json\/wp\/v2\/product\/14279\/revisions"}],"predecessor-version":[{"id":53068,"href":"https:\/\/promochaudiere.be\/nl\/wp-json\/wp\/v2\/product\/14279\/revisions\/53068"}],"wp:featuredmedia":[{"embeddable":true,"href":"https:\/\/promochaudiere.be\/nl\/wp-json\/wp\/v2\/media\/21469"}],"wp:attachment":[{"href":"https:\/\/promochaudiere.be\/nl\/wp-json\/wp\/v2\/media?parent=14279"}],"wp:term":[{"taxonomy":"product_brand","embeddable":true,"href":"https:\/\/promochaudiere.be\/nl\/wp-json\/wp\/v2\/product_brand?post=14279"},{"taxonomy":"product_cat","embeddable":true,"href":"https:\/\/promochaudiere.be\/nl\/wp-json\/wp\/v2\/product_cat?post=14279"},{"taxonomy":"product_tag","embeddable":true,"href":"https:\/\/promochaudiere.be\/nl\/wp-json\/wp\/v2\/product_tag?post=14279"}],"curies":[{"name":"wp","href":"https:\/\/api.w.org\/{rel}","templated":true}]}}