{"id":14282,"date":"2025-01-17T09:51:21","date_gmt":"2025-01-17T09:51:21","guid":{"rendered":"https:\/\/promochaudiere.be\/produit\/zehnder-interrupteur-3-vit-flash-sa1-3v-659000300\/"},"modified":"2026-02-03T19:39:55","modified_gmt":"2026-02-03T18:39:55","slug":"zehnder-interrupteur-3-vit-flash-sa1-3v-659000300","status":"publish","type":"product","link":"https:\/\/promochaudiere.be\/nl\/product\/zehnder-interrupteur-3-vit-flash-sa1-3v-659000300\/","title":{"rendered":"Zehnder interrupteur 3 VIT-Flash SA1-3V 659000300"},"content":{"rendered":"<p>Cet interrupteur Zehnder permet de contr\u00f4ler facilement la vitesse des unit\u00e9s de ventilation Flash SA1-3V. Il offre trois niveaux d\u2019intensit\u00e9 pour adapter la ventilation aux besoins. Son design ergonomique assure une utilisation intuitive. Facile \u00e0 installer, il garantit un r\u00e9glage pr\u00e9cis du d\u00e9bit d\u2019air. Un \u00e9l\u00e9ment essentiel pour un confort thermique personnalis\u00e9.<\/p>","protected":false},"excerpt":{"rendered":"<p>Zehnder interrupteur 3 VIT-Flash SA1-3V 659000300<\/p>","protected":false},"featured_media":22428,"comment_status":"open","ping_status":"closed","template":"","meta":[],"product_brand":[],"product_cat":[10895,8840],"product_tag":[],"class_list":{"0":"post-14282","1":"product","2":"type-product","3":"status-publish","4":"has-post-thumbnail","6":"product_cat-accessoires-zehnder","7":"product_cat-test","8":"pa_marque-zehnder","10":"first","11":"instock","12":"sale","13":"taxable","14":"shipping-taxable","15":"purchasable","16":"product-type-simple"},"aioseo_notices":[],"_links":{"self":[{"href":"https:\/\/promochaudiere.be\/nl\/wp-json\/wp\/v2\/product\/14282","targetHints":{"allow":["GET"]}}],"collection":[{"href":"https:\/\/promochaudiere.be\/nl\/wp-json\/wp\/v2\/product"}],"about":[{"href":"https:\/\/promochaudiere.be\/nl\/wp-json\/wp\/v2\/types\/product"}],"replies":[{"embeddable":true,"href":"https:\/\/promochaudiere.be\/nl\/wp-json\/wp\/v2\/comments?post=14282"}],"version-history":[{"count":1,"href":"https:\/\/promochaudiere.be\/nl\/wp-json\/wp\/v2\/product\/14282\/revisions"}],"predecessor-version":[{"id":53067,"href":"https:\/\/promochaudiere.be\/nl\/wp-json\/wp\/v2\/product\/14282\/revisions\/53067"}],"wp:featuredmedia":[{"embeddable":true,"href":"https:\/\/promochaudiere.be\/nl\/wp-json\/wp\/v2\/media\/22428"}],"wp:attachment":[{"href":"https:\/\/promochaudiere.be\/nl\/wp-json\/wp\/v2\/media?parent=14282"}],"wp:term":[{"taxonomy":"product_brand","embeddable":true,"href":"https:\/\/promochaudiere.be\/nl\/wp-json\/wp\/v2\/product_brand?post=14282"},{"taxonomy":"product_cat","embeddable":true,"href":"https:\/\/promochaudiere.be\/nl\/wp-json\/wp\/v2\/product_cat?post=14282"},{"taxonomy":"product_tag","embeddable":true,"href":"https:\/\/promochaudiere.be\/nl\/wp-json\/wp\/v2\/product_tag?post=14282"}],"curies":[{"name":"wp","href":"https:\/\/api.w.org\/{rel}","templated":true}]}}