{"id":14290,"date":"2025-01-17T09:51:24","date_gmt":"2025-01-17T09:51:24","guid":{"rendered":"https:\/\/promochaudiere.be\/produit\/bulex-soupape-tb-themis-thelia-05148200\/"},"modified":"2026-02-03T18:15:07","modified_gmt":"2026-02-03T17:15:07","slug":"bulex-soupape-tb-themis-thelia-05148200","status":"publish","type":"product","link":"https:\/\/promochaudiere.be\/nl\/product\/bulex-soupape-tb-themis-thelia-05148200\/","title":{"rendered":"Bulex soupape TB\/Themis\/Thelia 05148200"},"content":{"rendered":"<p>Cette soupape Bulex est con\u00e7ue pour garantir une protection optimale contre les surpressions dans les chaudi\u00e8res TB, Themis et Thelia. Elle assure un fonctionnement s\u00e9curis\u00e9 en \u00e9vacuant l\u2019exc\u00e8s de pression. Facile \u00e0 poser, elle prolonge la dur\u00e9e de vie des \u00e9quipements. Un accessoire cl\u00e9 pour un syst\u00e8me de chauffage fiable.<\/p>","protected":false},"excerpt":{"rendered":"<p>Bulex soupape TB\/Themis\/Thelia 05148200<\/p>","protected":false},"featured_media":21970,"comment_status":"open","ping_status":"closed","template":"","meta":[],"product_brand":[],"product_cat":[9507,8840],"product_tag":[],"class_list":{"0":"post-14290","1":"product","2":"type-product","3":"status-publish","4":"has-post-thumbnail","6":"product_cat-pieces-detachees-bulex","7":"product_cat-test","8":"pa_marque-bulex","10":"first","11":"instock","12":"sale","13":"taxable","14":"shipping-taxable","15":"purchasable","16":"product-type-simple"},"aioseo_notices":[],"_links":{"self":[{"href":"https:\/\/promochaudiere.be\/nl\/wp-json\/wp\/v2\/product\/14290","targetHints":{"allow":["GET"]}}],"collection":[{"href":"https:\/\/promochaudiere.be\/nl\/wp-json\/wp\/v2\/product"}],"about":[{"href":"https:\/\/promochaudiere.be\/nl\/wp-json\/wp\/v2\/types\/product"}],"replies":[{"embeddable":true,"href":"https:\/\/promochaudiere.be\/nl\/wp-json\/wp\/v2\/comments?post=14290"}],"version-history":[{"count":1,"href":"https:\/\/promochaudiere.be\/nl\/wp-json\/wp\/v2\/product\/14290\/revisions"}],"predecessor-version":[{"id":45721,"href":"https:\/\/promochaudiere.be\/nl\/wp-json\/wp\/v2\/product\/14290\/revisions\/45721"}],"wp:featuredmedia":[{"embeddable":true,"href":"https:\/\/promochaudiere.be\/nl\/wp-json\/wp\/v2\/media\/21970"}],"wp:attachment":[{"href":"https:\/\/promochaudiere.be\/nl\/wp-json\/wp\/v2\/media?parent=14290"}],"wp:term":[{"taxonomy":"product_brand","embeddable":true,"href":"https:\/\/promochaudiere.be\/nl\/wp-json\/wp\/v2\/product_brand?post=14290"},{"taxonomy":"product_cat","embeddable":true,"href":"https:\/\/promochaudiere.be\/nl\/wp-json\/wp\/v2\/product_cat?post=14290"},{"taxonomy":"product_tag","embeddable":true,"href":"https:\/\/promochaudiere.be\/nl\/wp-json\/wp\/v2\/product_tag?post=14290"}],"curies":[{"name":"wp","href":"https:\/\/api.w.org\/{rel}","templated":true}]}}