{"id":14298,"date":"2025-01-17T09:51:27","date_gmt":"2025-01-17T09:51:27","guid":{"rendered":"https:\/\/promochaudiere.be\/produit\/vanne-gaz-magnet-nf-automat-4-4ff-02b-gco100085\/"},"modified":"2026-02-03T18:15:07","modified_gmt":"2026-02-03T17:15:07","slug":"vanne-gaz-magnet-nf-automat-4-4ff-02b-gco100085","status":"publish","type":"product","link":"https:\/\/promochaudiere.be\/nl\/product\/vanne-gaz-magnet-nf-automat-4-4ff-02b-gco100085\/","title":{"rendered":"VANNE GAZ MAGNET.NF AUTOMAT.4\/4&Prime;FF 0,2B GCO100085"},"content":{"rendered":"<p>Le mod\u00e8le GCO100085 est une vanne magn\u00e9tique NF con\u00e7ue pour une gestion automatique et s\u00e9curis\u00e9e du gaz. Son m\u00e9canisme de fermeture rapide r\u00e9duit les risques de fuite. Facile \u00e0 installer, elle garantit une fiabilit\u00e9 optimale dans toutes les installations domestiques et industrielles.<\/p>","protected":false},"excerpt":{"rendered":"<p>VANNE GAZ MAGNET.NF AUTOMAT.4\/4&Prime;FF 0,2B GCO100085<\/p>","protected":false},"featured_media":21624,"comment_status":"open","ping_status":"closed","template":"","meta":[],"product_brand":[],"product_cat":[5549,8840],"product_tag":[],"class_list":{"0":"post-14298","1":"product","2":"type-product","3":"status-publish","4":"has-post-thumbnail","6":"product_cat-accessoires-gaz","7":"product_cat-test","9":"first","10":"instock","11":"sale","12":"taxable","13":"shipping-taxable","14":"purchasable","15":"product-type-simple"},"aioseo_notices":[],"_links":{"self":[{"href":"https:\/\/promochaudiere.be\/nl\/wp-json\/wp\/v2\/product\/14298","targetHints":{"allow":["GET"]}}],"collection":[{"href":"https:\/\/promochaudiere.be\/nl\/wp-json\/wp\/v2\/product"}],"about":[{"href":"https:\/\/promochaudiere.be\/nl\/wp-json\/wp\/v2\/types\/product"}],"replies":[{"embeddable":true,"href":"https:\/\/promochaudiere.be\/nl\/wp-json\/wp\/v2\/comments?post=14298"}],"version-history":[{"count":1,"href":"https:\/\/promochaudiere.be\/nl\/wp-json\/wp\/v2\/product\/14298\/revisions"}],"predecessor-version":[{"id":53062,"href":"https:\/\/promochaudiere.be\/nl\/wp-json\/wp\/v2\/product\/14298\/revisions\/53062"}],"wp:featuredmedia":[{"embeddable":true,"href":"https:\/\/promochaudiere.be\/nl\/wp-json\/wp\/v2\/media\/21624"}],"wp:attachment":[{"href":"https:\/\/promochaudiere.be\/nl\/wp-json\/wp\/v2\/media?parent=14298"}],"wp:term":[{"taxonomy":"product_brand","embeddable":true,"href":"https:\/\/promochaudiere.be\/nl\/wp-json\/wp\/v2\/product_brand?post=14298"},{"taxonomy":"product_cat","embeddable":true,"href":"https:\/\/promochaudiere.be\/nl\/wp-json\/wp\/v2\/product_cat?post=14298"},{"taxonomy":"product_tag","embeddable":true,"href":"https:\/\/promochaudiere.be\/nl\/wp-json\/wp\/v2\/product_tag?post=14298"}],"curies":[{"name":"wp","href":"https:\/\/api.w.org\/{rel}","templated":true}]}}