{"id":14302,"date":"2025-01-17T09:51:28","date_gmt":"2025-01-17T09:51:28","guid":{"rendered":"https:\/\/promochaudiere.be\/produit\/paktermo-plt-tuyau-gaz-dn15-1-2-par-rouleau-de-15m-p260115\/"},"modified":"2026-02-03T18:15:07","modified_gmt":"2026-02-03T17:15:07","slug":"paktermo-plt-tuyau-gaz-dn15-1-2-par-rouleau-de-15m-p260115","status":"publish","type":"product","link":"https:\/\/promochaudiere.be\/nl\/product\/paktermo-plt-tuyau-gaz-dn15-1-2-par-rouleau-de-15m-p260115\/","title":{"rendered":"PAKTERMO PLT TUYAU GAZ DN15 (1\/2&Prime;) PAR ROULEAU DE 15M P260115"},"content":{"rendered":"<p>Ce tuyau de gaz PAKTERMO PLT est con\u00e7u pour assurer un transport s\u00e9curis\u00e9 du gaz dans les installations r\u00e9sidentielles et industrielles. Son diam\u00e8tre DN15 (1\/2&Prime;) et sa longueur de 15m permettent une installation flexible et adapt\u00e9e aux besoins sp\u00e9cifiques. Fabriqu\u00e9 avec des mat\u00e9riaux r\u00e9sistants, il offre une excellente protection contre les fuites et les variations de pression. Sa structure souple facilite le montage et le positionnement. Id\u00e9al pour les installations de gaz n\u00e9cessitant une solution durable et efficace.<\/p>","protected":false},"excerpt":{"rendered":"<p>PAKTERMO PLT TUYAU GAZ DN15 (1\/2&Prime;) PAR ROULEAU DE 15M P260115<\/p>","protected":false},"featured_media":22391,"comment_status":"open","ping_status":"closed","template":"","meta":[],"product_brand":[],"product_cat":[820,8840],"product_tag":[],"class_list":{"0":"post-14302","1":"product","2":"type-product","3":"status-publish","4":"has-post-thumbnail","6":"product_cat-plt-gaz","7":"product_cat-test","8":"pa_marque-paktermo","10":"first","11":"instock","12":"sale","13":"taxable","14":"shipping-taxable","15":"purchasable","16":"product-type-simple"},"aioseo_notices":[],"_links":{"self":[{"href":"https:\/\/promochaudiere.be\/nl\/wp-json\/wp\/v2\/product\/14302","targetHints":{"allow":["GET"]}}],"collection":[{"href":"https:\/\/promochaudiere.be\/nl\/wp-json\/wp\/v2\/product"}],"about":[{"href":"https:\/\/promochaudiere.be\/nl\/wp-json\/wp\/v2\/types\/product"}],"replies":[{"embeddable":true,"href":"https:\/\/promochaudiere.be\/nl\/wp-json\/wp\/v2\/comments?post=14302"}],"version-history":[{"count":1,"href":"https:\/\/promochaudiere.be\/nl\/wp-json\/wp\/v2\/product\/14302\/revisions"}],"predecessor-version":[{"id":45716,"href":"https:\/\/promochaudiere.be\/nl\/wp-json\/wp\/v2\/product\/14302\/revisions\/45716"}],"wp:featuredmedia":[{"embeddable":true,"href":"https:\/\/promochaudiere.be\/nl\/wp-json\/wp\/v2\/media\/22391"}],"wp:attachment":[{"href":"https:\/\/promochaudiere.be\/nl\/wp-json\/wp\/v2\/media?parent=14302"}],"wp:term":[{"taxonomy":"product_brand","embeddable":true,"href":"https:\/\/promochaudiere.be\/nl\/wp-json\/wp\/v2\/product_brand?post=14302"},{"taxonomy":"product_cat","embeddable":true,"href":"https:\/\/promochaudiere.be\/nl\/wp-json\/wp\/v2\/product_cat?post=14302"},{"taxonomy":"product_tag","embeddable":true,"href":"https:\/\/promochaudiere.be\/nl\/wp-json\/wp\/v2\/product_tag?post=14302"}],"curies":[{"name":"wp","href":"https:\/\/api.w.org\/{rel}","templated":true}]}}