{"id":14305,"date":"2025-01-17T09:51:30","date_gmt":"2025-01-17T09:51:30","guid":{"rendered":"https:\/\/promochaudiere.be\/produit\/d-design-kit-de-robinet-radiateur-thermostatique-bitube-monotube-raccord-16mm-droit-blanc-mat-dw1\/"},"modified":"2026-02-03T18:15:07","modified_gmt":"2026-02-03T17:15:07","slug":"d-design-kit-de-robinet-radiateur-thermostatique-bitube-monotube-raccord-16mm-droit-blanc-mat-dw1","status":"publish","type":"product","link":"https:\/\/promochaudiere.be\/product\/d-design-kit-de-robinet-radiateur-thermostatique-bitube-monotube-raccord-16mm-droit-blanc-mat-dw1\/","title":{"rendered":"D-DESIGN KIT DE ROBINET RADIATEUR THERMOSTATIQUE BITUBE\/MONOTUBE +RACCORD 16MM DROIT BLANC MAT DW1"},"content":{"rendered":"<p>Le kit de robinet thermostatique D-Design DW1 permet une r\u00e9gulation pr\u00e9cise de la temp\u00e9rature des radiateurs. Son design ergonomique offre une manipulation facile pour un confort thermique optimal. Il permet d\u2019optimiser la consommation \u00e9nerg\u00e9tique en ajustant la chaleur selon les besoins. Facile \u00e0 installer, il est compatible avec de nombreux syst\u00e8mes de chauffage. Un accessoire essentiel pour une gestion efficace de la temp\u00e9rature int\u00e9rieure.<\/p>","protected":false},"excerpt":{"rendered":"<p>D-DESIGN KIT DE ROBINET RADIATEUR THERMOSTATIQUE BITUBE\/MONOTUBE +RACCORD 16MM DROIT BLANC MAT DW1<\/p>","protected":false},"featured_media":21617,"comment_status":"open","ping_status":"closed","template":"","meta":[],"product_brand":[],"product_cat":[574,8840],"product_tag":[],"class_list":{"0":"post-14305","1":"product","2":"type-product","3":"status-publish","4":"has-post-thumbnail","6":"product_cat-accessoires-radiateurs","7":"product_cat-test","8":"pa_marque-giacomini","10":"first","11":"instock","12":"sale","13":"taxable","14":"shipping-taxable","15":"purchasable","16":"product-type-simple"},"aioseo_notices":[],"_links":{"self":[{"href":"https:\/\/promochaudiere.be\/nl\/wp-json\/wp\/v2\/product\/14305","targetHints":{"allow":["GET"]}}],"collection":[{"href":"https:\/\/promochaudiere.be\/nl\/wp-json\/wp\/v2\/product"}],"about":[{"href":"https:\/\/promochaudiere.be\/nl\/wp-json\/wp\/v2\/types\/product"}],"replies":[{"embeddable":true,"href":"https:\/\/promochaudiere.be\/nl\/wp-json\/wp\/v2\/comments?post=14305"}],"version-history":[{"count":1,"href":"https:\/\/promochaudiere.be\/nl\/wp-json\/wp\/v2\/product\/14305\/revisions"}],"predecessor-version":[{"id":45710,"href":"https:\/\/promochaudiere.be\/nl\/wp-json\/wp\/v2\/product\/14305\/revisions\/45710"}],"wp:featuredmedia":[{"embeddable":true,"href":"https:\/\/promochaudiere.be\/nl\/wp-json\/wp\/v2\/media\/21617"}],"wp:attachment":[{"href":"https:\/\/promochaudiere.be\/nl\/wp-json\/wp\/v2\/media?parent=14305"}],"wp:term":[{"taxonomy":"product_brand","embeddable":true,"href":"https:\/\/promochaudiere.be\/nl\/wp-json\/wp\/v2\/product_brand?post=14305"},{"taxonomy":"product_cat","embeddable":true,"href":"https:\/\/promochaudiere.be\/nl\/wp-json\/wp\/v2\/product_cat?post=14305"},{"taxonomy":"product_tag","embeddable":true,"href":"https:\/\/promochaudiere.be\/nl\/wp-json\/wp\/v2\/product_tag?post=14305"}],"curies":[{"name":"wp","href":"https:\/\/api.w.org\/{rel}","templated":true}]}}