{"id":14306,"date":"2025-01-17T09:51:30","date_gmt":"2025-01-17T09:51:30","guid":{"rendered":"https:\/\/promochaudiere.be\/produit\/d-design-kit-de-robinet-radiateur-thermostatique-bitube-monotube-raccord-16mm-equerre-noir-mat-db2\/"},"modified":"2026-02-03T18:15:07","modified_gmt":"2026-02-03T17:15:07","slug":"d-design-kit-de-robinet-radiateur-thermostatique-bitube-monotube-raccord-16mm-equerre-noir-mat-db2","status":"publish","type":"product","link":"https:\/\/promochaudiere.be\/product\/d-design-kit-de-robinet-radiateur-thermostatique-bitube-monotube-raccord-16mm-equerre-noir-mat-db2\/","title":{"rendered":"D-DESIGN KIT DE ROBINET RADIATEUR THERMOSTATIQUE BITUBE\/MONOTUBE +RACCORD 16MM EQUERRE NOIR MAT DB2"},"content":{"rendered":"<p>Le kit D-Design DB2 est con\u00e7u pour offrir un contr\u00f4le pr\u00e9cis de la temp\u00e9rature des radiateurs. Il permet de r\u00e9guler la chaleur pi\u00e8ce par pi\u00e8ce pour une consommation \u00e9nerg\u00e9tique optimis\u00e9e. Sa t\u00eate thermostatique facile \u00e0 manipuler garantit une adaptation rapide aux variations de temp\u00e9rature. Compatible avec de nombreux mod\u00e8les de radiateurs, il assure une installation rapide et fiable. Un accessoire essentiel pour un chauffage efficace.<\/p>","protected":false},"excerpt":{"rendered":"<p>D-DESIGN KIT DE ROBINET RADIATEUR THERMOSTATIQUE BITUBE\/MONOTUBE +RACCORD 16MM EQUERRE NOIR MAT DB2<\/p>","protected":false},"featured_media":21612,"comment_status":"open","ping_status":"closed","template":"","meta":[],"product_brand":[],"product_cat":[574,8840],"product_tag":[],"class_list":{"0":"post-14306","1":"product","2":"type-product","3":"status-publish","4":"has-post-thumbnail","6":"product_cat-accessoires-radiateurs","7":"product_cat-test","8":"pa_marque-giacomini","10":"first","11":"instock","12":"sale","13":"taxable","14":"shipping-taxable","15":"purchasable","16":"product-type-simple"},"aioseo_notices":[],"_links":{"self":[{"href":"https:\/\/promochaudiere.be\/nl\/wp-json\/wp\/v2\/product\/14306","targetHints":{"allow":["GET"]}}],"collection":[{"href":"https:\/\/promochaudiere.be\/nl\/wp-json\/wp\/v2\/product"}],"about":[{"href":"https:\/\/promochaudiere.be\/nl\/wp-json\/wp\/v2\/types\/product"}],"replies":[{"embeddable":true,"href":"https:\/\/promochaudiere.be\/nl\/wp-json\/wp\/v2\/comments?post=14306"}],"version-history":[{"count":1,"href":"https:\/\/promochaudiere.be\/nl\/wp-json\/wp\/v2\/product\/14306\/revisions"}],"predecessor-version":[{"id":45711,"href":"https:\/\/promochaudiere.be\/nl\/wp-json\/wp\/v2\/product\/14306\/revisions\/45711"}],"wp:featuredmedia":[{"embeddable":true,"href":"https:\/\/promochaudiere.be\/nl\/wp-json\/wp\/v2\/media\/21612"}],"wp:attachment":[{"href":"https:\/\/promochaudiere.be\/nl\/wp-json\/wp\/v2\/media?parent=14306"}],"wp:term":[{"taxonomy":"product_brand","embeddable":true,"href":"https:\/\/promochaudiere.be\/nl\/wp-json\/wp\/v2\/product_brand?post=14306"},{"taxonomy":"product_cat","embeddable":true,"href":"https:\/\/promochaudiere.be\/nl\/wp-json\/wp\/v2\/product_cat?post=14306"},{"taxonomy":"product_tag","embeddable":true,"href":"https:\/\/promochaudiere.be\/nl\/wp-json\/wp\/v2\/product_tag?post=14306"}],"curies":[{"name":"wp","href":"https:\/\/api.w.org\/{rel}","templated":true}]}}