{"id":14307,"date":"2025-01-17T09:51:30","date_gmt":"2025-01-17T09:51:30","guid":{"rendered":"https:\/\/promochaudiere.be\/produit\/d-design-kit-de-robinet-radiateur-thermostatique-bitube-monotube-raccord-16mm-droit-noir-mat-db1\/"},"modified":"2026-02-03T18:15:07","modified_gmt":"2026-02-03T17:15:07","slug":"d-design-kit-de-robinet-radiateur-thermostatique-bitube-monotube-raccord-16mm-droit-noir-mat-db1","status":"publish","type":"product","link":"https:\/\/promochaudiere.be\/nl\/product\/d-design-kit-de-robinet-radiateur-thermostatique-bitube-monotube-raccord-16mm-droit-noir-mat-db1\/","title":{"rendered":"D-DESIGN KIT DE ROBINET RADIATEUR THERMOSTATIQUE BITUBE\/MONOTUBE +RACCORD 16MM DROIT NOIR MAT DB1"},"content":{"rendered":"<p>Le kit de robinet thermostatique D-Design DB1 permet une r\u00e9gulation efficace de la temp\u00e9rature des radiateurs. Son design ergonomique offre un r\u00e9glage pr\u00e9cis pour un confort thermique optimal. Facile \u00e0 installer, il assure une \u00e9conomie d\u2019\u00e9nergie en ajustant la chaleur en fonction des besoins. Fabriqu\u00e9 en mat\u00e9riaux r\u00e9sistants, il garantit une longue dur\u00e9e de vie. Un accessoire indispensable pour une gestion intelligente du chauffage.<\/p>","protected":false},"excerpt":{"rendered":"<p>D-DESIGN KIT DE ROBINET RADIATEUR THERMOSTATIQUE BITUBE\/MONOTUBE +RACCORD 16MM DROIT NOIR MAT DB1<\/p>","protected":false},"featured_media":21616,"comment_status":"open","ping_status":"closed","template":"","meta":[],"product_brand":[],"product_cat":[574,8840],"product_tag":[],"class_list":{"0":"post-14307","1":"product","2":"type-product","3":"status-publish","4":"has-post-thumbnail","6":"product_cat-accessoires-radiateurs","7":"product_cat-test","8":"pa_marque-giacomini","10":"first","11":"instock","12":"sale","13":"taxable","14":"shipping-taxable","15":"purchasable","16":"product-type-simple"},"aioseo_notices":[],"_links":{"self":[{"href":"https:\/\/promochaudiere.be\/nl\/wp-json\/wp\/v2\/product\/14307","targetHints":{"allow":["GET"]}}],"collection":[{"href":"https:\/\/promochaudiere.be\/nl\/wp-json\/wp\/v2\/product"}],"about":[{"href":"https:\/\/promochaudiere.be\/nl\/wp-json\/wp\/v2\/types\/product"}],"replies":[{"embeddable":true,"href":"https:\/\/promochaudiere.be\/nl\/wp-json\/wp\/v2\/comments?post=14307"}],"version-history":[{"count":1,"href":"https:\/\/promochaudiere.be\/nl\/wp-json\/wp\/v2\/product\/14307\/revisions"}],"predecessor-version":[{"id":45712,"href":"https:\/\/promochaudiere.be\/nl\/wp-json\/wp\/v2\/product\/14307\/revisions\/45712"}],"wp:featuredmedia":[{"embeddable":true,"href":"https:\/\/promochaudiere.be\/nl\/wp-json\/wp\/v2\/media\/21616"}],"wp:attachment":[{"href":"https:\/\/promochaudiere.be\/nl\/wp-json\/wp\/v2\/media?parent=14307"}],"wp:term":[{"taxonomy":"product_brand","embeddable":true,"href":"https:\/\/promochaudiere.be\/nl\/wp-json\/wp\/v2\/product_brand?post=14307"},{"taxonomy":"product_cat","embeddable":true,"href":"https:\/\/promochaudiere.be\/nl\/wp-json\/wp\/v2\/product_cat?post=14307"},{"taxonomy":"product_tag","embeddable":true,"href":"https:\/\/promochaudiere.be\/nl\/wp-json\/wp\/v2\/product_tag?post=14307"}],"curies":[{"name":"wp","href":"https:\/\/api.w.org\/{rel}","templated":true}]}}