{"id":14313,"date":"2025-01-17T09:51:33","date_gmt":"2025-01-17T09:51:33","guid":{"rendered":"https:\/\/promochaudiere.be\/produit\/passage-mural-pour-systeme-de-ventilation-d-170-200mm-noir-11ve42310\/"},"modified":"2026-02-03T19:39:56","modified_gmt":"2026-02-03T18:39:56","slug":"passage-mural-pour-systeme-de-ventilation-d-170-200mm-noir-11ve42310","status":"publish","type":"product","link":"https:\/\/promochaudiere.be\/nl\/product\/passage-mural-pour-systeme-de-ventilation-d-170-200mm-noir-11ve42310\/","title":{"rendered":"PASSAGE MURAL POUR SYSTEME DE VENTILATION D 170-200MM NOIR 11VE42310"},"content":{"rendered":"<p>Ce passage mural permet de faire passer un conduit de ventilation de 175mm en toute s\u00e9curit\u00e9. Son \u00e9tanch\u00e9it\u00e9 optimale emp\u00eache toute infiltration d\u2019air ou d\u2019eau. Facile \u00e0 installer, il am\u00e9liore la gestion des flux a\u00e9rauliques. Id\u00e9al pour une ventilation efficace.<\/p>","protected":false},"excerpt":{"rendered":"<p>PASSAGE MURAL POUR SYSTEME DE VENTILATION D 170-200MM NOIR 11VE42310<\/p>","protected":false},"featured_media":22608,"comment_status":"open","ping_status":"closed","template":"","meta":[],"product_brand":[],"product_cat":[2791,8840],"product_tag":[],"class_list":{"0":"post-14313","1":"product","2":"type-product","3":"status-publish","4":"has-post-thumbnail","6":"product_cat-accessoires-de-ventilation","7":"product_cat-test","9":"first","10":"instock","11":"sale","12":"taxable","13":"shipping-taxable","14":"purchasable","15":"product-type-simple"},"aioseo_notices":[],"_links":{"self":[{"href":"https:\/\/promochaudiere.be\/nl\/wp-json\/wp\/v2\/product\/14313","targetHints":{"allow":["GET"]}}],"collection":[{"href":"https:\/\/promochaudiere.be\/nl\/wp-json\/wp\/v2\/product"}],"about":[{"href":"https:\/\/promochaudiere.be\/nl\/wp-json\/wp\/v2\/types\/product"}],"replies":[{"embeddable":true,"href":"https:\/\/promochaudiere.be\/nl\/wp-json\/wp\/v2\/comments?post=14313"}],"version-history":[{"count":1,"href":"https:\/\/promochaudiere.be\/nl\/wp-json\/wp\/v2\/product\/14313\/revisions"}],"predecessor-version":[{"id":53060,"href":"https:\/\/promochaudiere.be\/nl\/wp-json\/wp\/v2\/product\/14313\/revisions\/53060"}],"wp:featuredmedia":[{"embeddable":true,"href":"https:\/\/promochaudiere.be\/nl\/wp-json\/wp\/v2\/media\/22608"}],"wp:attachment":[{"href":"https:\/\/promochaudiere.be\/nl\/wp-json\/wp\/v2\/media?parent=14313"}],"wp:term":[{"taxonomy":"product_brand","embeddable":true,"href":"https:\/\/promochaudiere.be\/nl\/wp-json\/wp\/v2\/product_brand?post=14313"},{"taxonomy":"product_cat","embeddable":true,"href":"https:\/\/promochaudiere.be\/nl\/wp-json\/wp\/v2\/product_cat?post=14313"},{"taxonomy":"product_tag","embeddable":true,"href":"https:\/\/promochaudiere.be\/nl\/wp-json\/wp\/v2\/product_tag?post=14313"}],"curies":[{"name":"wp","href":"https:\/\/api.w.org\/{rel}","templated":true}]}}