{"id":14314,"date":"2025-01-17T09:51:33","date_gmt":"2025-01-17T09:51:33","guid":{"rendered":"https:\/\/promochaudiere.be\/produit\/caleffi-vanne-melangeuse-thermostatique-3-4-30-65-521500\/"},"modified":"2026-02-03T19:39:56","modified_gmt":"2026-02-03T18:39:56","slug":"caleffi-vanne-melangeuse-thermostatique-3-4-30-65-521500","status":"publish","type":"product","link":"https:\/\/promochaudiere.be\/product\/caleffi-vanne-melangeuse-thermostatique-3-4-30-65-521500\/","title":{"rendered":"Caleffi vanne melangeuse thermostatique  3\/4 30-65\u00b0 521500"},"content":{"rendered":"<p>Cette vanne m\u00e9langeuse Caleffi ajuste automatiquement la temp\u00e9rature de l\u2019eau dans une plage de 35 \u00e0 60\u00b0C. Elle est essentielle pour les circuits sanitaires et de chauffage, \u00e9vitant les variations thermiques brusques. Son format 3\/4 la rend compatible avec diverses installations. Con\u00e7ue en laiton, elle garantit une grande r\u00e9sistance \u00e0 l\u2019usure. Son r\u00e9glage pr\u00e9cis assure confort et s\u00e9curit\u00e9 d\u2019utilisation. Parfaite pour une distribution homog\u00e8ne de la chaleur.<\/p>","protected":false},"excerpt":{"rendered":"<p>Caleffi vanne melangeuse thermostatique  3\/4 30-65\u00b0 521500<\/p>","protected":false},"featured_media":22555,"comment_status":"open","ping_status":"closed","template":"","meta":[],"product_brand":[],"product_cat":[8840,5519],"product_tag":[],"class_list":{"0":"post-14314","1":"product","2":"type-product","3":"status-publish","4":"has-post-thumbnail","6":"product_cat-test","7":"product_cat-vanne","8":"pa_marque-caleffi","10":"first","11":"instock","12":"sale","13":"taxable","14":"shipping-taxable","15":"purchasable","16":"product-type-simple"},"aioseo_notices":[],"_links":{"self":[{"href":"https:\/\/promochaudiere.be\/nl\/wp-json\/wp\/v2\/product\/14314","targetHints":{"allow":["GET"]}}],"collection":[{"href":"https:\/\/promochaudiere.be\/nl\/wp-json\/wp\/v2\/product"}],"about":[{"href":"https:\/\/promochaudiere.be\/nl\/wp-json\/wp\/v2\/types\/product"}],"replies":[{"embeddable":true,"href":"https:\/\/promochaudiere.be\/nl\/wp-json\/wp\/v2\/comments?post=14314"}],"version-history":[{"count":1,"href":"https:\/\/promochaudiere.be\/nl\/wp-json\/wp\/v2\/product\/14314\/revisions"}],"predecessor-version":[{"id":45704,"href":"https:\/\/promochaudiere.be\/nl\/wp-json\/wp\/v2\/product\/14314\/revisions\/45704"}],"wp:featuredmedia":[{"embeddable":true,"href":"https:\/\/promochaudiere.be\/nl\/wp-json\/wp\/v2\/media\/22555"}],"wp:attachment":[{"href":"https:\/\/promochaudiere.be\/nl\/wp-json\/wp\/v2\/media?parent=14314"}],"wp:term":[{"taxonomy":"product_brand","embeddable":true,"href":"https:\/\/promochaudiere.be\/nl\/wp-json\/wp\/v2\/product_brand?post=14314"},{"taxonomy":"product_cat","embeddable":true,"href":"https:\/\/promochaudiere.be\/nl\/wp-json\/wp\/v2\/product_cat?post=14314"},{"taxonomy":"product_tag","embeddable":true,"href":"https:\/\/promochaudiere.be\/nl\/wp-json\/wp\/v2\/product_tag?post=14314"}],"curies":[{"name":"wp","href":"https:\/\/api.w.org\/{rel}","templated":true}]}}