{"id":14315,"date":"2025-01-17T09:51:33","date_gmt":"2025-01-17T09:51:33","guid":{"rendered":"https:\/\/promochaudiere.be\/produit\/uniflow-tube-concentrique-80-125mm-2000mm-inox-pp-wxpx812200\/"},"modified":"2026-02-03T18:15:10","modified_gmt":"2026-02-03T17:15:10","slug":"uniflow-tube-concentrique-80-125mm-2000mm-inox-pp-wxpx812200","status":"publish","type":"product","link":"https:\/\/promochaudiere.be\/nl\/product\/uniflow-tube-concentrique-80-125mm-2000mm-inox-pp-wxpx812200\/","title":{"rendered":"UNIFLOW TUBE CONCENTRIQUE 80\/125MM 2000MM INOX\/PP WXPX812200"},"content":{"rendered":"<p>Ce tube concentrique Uniflow de 2000mm permet une extension efficace des conduits d\u2019\u00e9vacuation des fum\u00e9es. Son mat\u00e9riau composite garantit une r\u00e9sistance optimale aux temp\u00e9ratures \u00e9lev\u00e9es et \u00e0 la corrosion. Son montage est rapide et s\u00e9curis\u00e9, offrant une parfaite \u00e9tanch\u00e9it\u00e9. Compatible avec divers syst\u00e8mes de chauffage. Un \u00e9l\u00e9ment indispensable pour assurer un fonctionnement fiable et performant du circuit d\u2019\u00e9vacuation.<\/p>","protected":false},"excerpt":{"rendered":"<p>UNIFLOW TUBE CONCENTRIQUE 80\/125MM 2000MM INOX\/PP WXPX812200<\/p>","protected":false},"featured_media":21045,"comment_status":"open","ping_status":"closed","template":"","meta":[],"product_brand":[],"product_cat":[9535],"product_tag":[],"class_list":{"0":"post-14315","1":"product","2":"type-product","3":"status-publish","4":"has-post-thumbnail","6":"product_cat-fumisterie-uniflow","8":"first","9":"instock","10":"sale","11":"taxable","12":"shipping-taxable","13":"purchasable","14":"product-type-simple"},"aioseo_notices":[],"_links":{"self":[{"href":"https:\/\/promochaudiere.be\/nl\/wp-json\/wp\/v2\/product\/14315","targetHints":{"allow":["GET"]}}],"collection":[{"href":"https:\/\/promochaudiere.be\/nl\/wp-json\/wp\/v2\/product"}],"about":[{"href":"https:\/\/promochaudiere.be\/nl\/wp-json\/wp\/v2\/types\/product"}],"replies":[{"embeddable":true,"href":"https:\/\/promochaudiere.be\/nl\/wp-json\/wp\/v2\/comments?post=14315"}],"version-history":[{"count":1,"href":"https:\/\/promochaudiere.be\/nl\/wp-json\/wp\/v2\/product\/14315\/revisions"}],"predecessor-version":[{"id":53059,"href":"https:\/\/promochaudiere.be\/nl\/wp-json\/wp\/v2\/product\/14315\/revisions\/53059"}],"wp:featuredmedia":[{"embeddable":true,"href":"https:\/\/promochaudiere.be\/nl\/wp-json\/wp\/v2\/media\/21045"}],"wp:attachment":[{"href":"https:\/\/promochaudiere.be\/nl\/wp-json\/wp\/v2\/media?parent=14315"}],"wp:term":[{"taxonomy":"product_brand","embeddable":true,"href":"https:\/\/promochaudiere.be\/nl\/wp-json\/wp\/v2\/product_brand?post=14315"},{"taxonomy":"product_cat","embeddable":true,"href":"https:\/\/promochaudiere.be\/nl\/wp-json\/wp\/v2\/product_cat?post=14315"},{"taxonomy":"product_tag","embeddable":true,"href":"https:\/\/promochaudiere.be\/nl\/wp-json\/wp\/v2\/product_tag?post=14315"}],"curies":[{"name":"wp","href":"https:\/\/api.w.org\/{rel}","templated":true}]}}