{"id":14321,"date":"2025-01-17T09:51:36","date_gmt":"2025-01-17T09:51:36","guid":{"rendered":"https:\/\/promochaudiere.be\/produit\/ubbink-passage-de-toiture-concentrique-condensation-en-aluminium-pp-de-diametre-80-125mm-0184411\/"},"modified":"2026-02-03T19:39:55","modified_gmt":"2026-02-03T18:39:55","slug":"ubbink-passage-de-toiture-concentrique-condensation-en-aluminium-pp-de-diametre-80-125mm-0184411","status":"publish","type":"product","link":"https:\/\/promochaudiere.be\/product\/ubbink-passage-de-toiture-concentrique-condensation-en-aluminium-pp-de-diametre-80-125mm-0184411\/","title":{"rendered":"Ubbink passage de toiture concentrique condensation en aluminium\/PP de diam\u00e8tre 80\/125mm 0184411"},"content":{"rendered":"<p>Ce passage de toiture concentrique Ubbink est con\u00e7u pour les chaudi\u00e8res \u00e0 condensation. Il assure une \u00e9vacuation efficace des fum\u00e9es tout en garantissant une bonne isolation thermique. Sa conception robuste permet une installation rapide et fiable. Compatible avec diff\u00e9rents types de toitures, il assure une performance durable. Un \u00e9l\u00e9ment essentiel pour optimiser le rendement des chaudi\u00e8res.<\/p>","protected":false},"excerpt":{"rendered":"<p>Ubbink passage de toiture concentrique condensation en aluminium\/PP de diam\u00e8tre 80\/125mm 0184411<\/p>","protected":false},"featured_media":21807,"comment_status":"open","ping_status":"closed","template":"","meta":[],"product_brand":[],"product_cat":[518,8840],"product_tag":[],"class_list":{"0":"post-14321","1":"product","2":"type-product","3":"status-publish","4":"has-post-thumbnail","6":"product_cat-fumisterie-ubbink","7":"product_cat-test","8":"pa_marque-ubbink","10":"first","11":"instock","12":"sale","13":"taxable","14":"shipping-taxable","15":"purchasable","16":"product-type-simple"},"aioseo_notices":[],"_links":{"self":[{"href":"https:\/\/promochaudiere.be\/nl\/wp-json\/wp\/v2\/product\/14321","targetHints":{"allow":["GET"]}}],"collection":[{"href":"https:\/\/promochaudiere.be\/nl\/wp-json\/wp\/v2\/product"}],"about":[{"href":"https:\/\/promochaudiere.be\/nl\/wp-json\/wp\/v2\/types\/product"}],"replies":[{"embeddable":true,"href":"https:\/\/promochaudiere.be\/nl\/wp-json\/wp\/v2\/comments?post=14321"}],"version-history":[{"count":1,"href":"https:\/\/promochaudiere.be\/nl\/wp-json\/wp\/v2\/product\/14321\/revisions"}],"predecessor-version":[{"id":53058,"href":"https:\/\/promochaudiere.be\/nl\/wp-json\/wp\/v2\/product\/14321\/revisions\/53058"}],"wp:featuredmedia":[{"embeddable":true,"href":"https:\/\/promochaudiere.be\/nl\/wp-json\/wp\/v2\/media\/21807"}],"wp:attachment":[{"href":"https:\/\/promochaudiere.be\/nl\/wp-json\/wp\/v2\/media?parent=14321"}],"wp:term":[{"taxonomy":"product_brand","embeddable":true,"href":"https:\/\/promochaudiere.be\/nl\/wp-json\/wp\/v2\/product_brand?post=14321"},{"taxonomy":"product_cat","embeddable":true,"href":"https:\/\/promochaudiere.be\/nl\/wp-json\/wp\/v2\/product_cat?post=14321"},{"taxonomy":"product_tag","embeddable":true,"href":"https:\/\/promochaudiere.be\/nl\/wp-json\/wp\/v2\/product_tag?post=14321"}],"curies":[{"name":"wp","href":"https:\/\/api.w.org\/{rel}","templated":true}]}}