{"id":14323,"date":"2025-01-17T09:51:36","date_gmt":"2025-01-17T09:51:36","guid":{"rendered":"https:\/\/promochaudiere.be\/produit\/bulex-bougie-dallumage-thermomaster-f24-25-28-29-s1051500\/"},"modified":"2026-02-03T18:15:10","modified_gmt":"2026-02-03T17:15:10","slug":"bulex-bougie-dallumage-thermomaster-f24-25-28-29-s1051500","status":"publish","type":"product","link":"https:\/\/promochaudiere.be\/product\/bulex-bougie-dallumage-thermomaster-f24-25-28-29-s1051500\/","title":{"rendered":"BULEX BOUGIE D&rsquo;ALLUMAGE THERMOMASTER F24-25-28-29 S1051500"},"content":{"rendered":"<p>Cette bougie d\u2019allumage Bulex est sp\u00e9cialement con\u00e7ue pour les mod\u00e8les Thermomaster F24, F25 et F28. Elle garantit une combustion efficace et un d\u00e9marrage rapide de la chaudi\u00e8re. Son installation simple permet un remplacement rapide en cas d\u2019usure. Fabriqu\u00e9e avec des mat\u00e9riaux r\u00e9sistants, elle offre une longue dur\u00e9e de vie. Un accessoire indispensable pour assurer un chauffage fiable et performant.<\/p>","protected":false},"excerpt":{"rendered":"<p>BULEX BOUGIE D&rsquo;ALLUMAGE THERMOMASTER F24-25-28-29 S1051500<\/p>","protected":false},"featured_media":21901,"comment_status":"open","ping_status":"closed","template":"","meta":[],"product_brand":[],"product_cat":[9507,8840],"product_tag":[],"class_list":{"0":"post-14323","1":"product","2":"type-product","3":"status-publish","4":"has-post-thumbnail","6":"product_cat-pieces-detachees-bulex","7":"product_cat-test","8":"pa_marque-bulex","10":"first","11":"instock","12":"sale","13":"taxable","14":"shipping-taxable","15":"purchasable","16":"product-type-simple"},"aioseo_notices":[],"_links":{"self":[{"href":"https:\/\/promochaudiere.be\/nl\/wp-json\/wp\/v2\/product\/14323","targetHints":{"allow":["GET"]}}],"collection":[{"href":"https:\/\/promochaudiere.be\/nl\/wp-json\/wp\/v2\/product"}],"about":[{"href":"https:\/\/promochaudiere.be\/nl\/wp-json\/wp\/v2\/types\/product"}],"replies":[{"embeddable":true,"href":"https:\/\/promochaudiere.be\/nl\/wp-json\/wp\/v2\/comments?post=14323"}],"version-history":[{"count":1,"href":"https:\/\/promochaudiere.be\/nl\/wp-json\/wp\/v2\/product\/14323\/revisions"}],"predecessor-version":[{"id":45698,"href":"https:\/\/promochaudiere.be\/nl\/wp-json\/wp\/v2\/product\/14323\/revisions\/45698"}],"wp:featuredmedia":[{"embeddable":true,"href":"https:\/\/promochaudiere.be\/nl\/wp-json\/wp\/v2\/media\/21901"}],"wp:attachment":[{"href":"https:\/\/promochaudiere.be\/nl\/wp-json\/wp\/v2\/media?parent=14323"}],"wp:term":[{"taxonomy":"product_brand","embeddable":true,"href":"https:\/\/promochaudiere.be\/nl\/wp-json\/wp\/v2\/product_brand?post=14323"},{"taxonomy":"product_cat","embeddable":true,"href":"https:\/\/promochaudiere.be\/nl\/wp-json\/wp\/v2\/product_cat?post=14323"},{"taxonomy":"product_tag","embeddable":true,"href":"https:\/\/promochaudiere.be\/nl\/wp-json\/wp\/v2\/product_tag?post=14323"}],"curies":[{"name":"wp","href":"https:\/\/api.w.org\/{rel}","templated":true}]}}