{"id":14325,"date":"2025-01-17T09:51:37","date_gmt":"2025-01-17T09:51:37","guid":{"rendered":"https:\/\/promochaudiere.be\/produit\/vanne-de-distribution-solaire-3-4-35-55c-262050\/"},"modified":"2026-02-03T18:15:11","modified_gmt":"2026-02-03T17:15:11","slug":"vanne-de-distribution-solaire-3-4-35-55c-262050","status":"publish","type":"product","link":"https:\/\/promochaudiere.be\/nl\/product\/vanne-de-distribution-solaire-3-4-35-55c-262050\/","title":{"rendered":"VANNE DE DISTRIBUTION SOLAIRE  3\/4&Prime; 35-55\u00b0C 262050"},"content":{"rendered":"<p>Cette vanne de distribution solaire permet de r\u00e9guler efficacement la temp\u00e9rature des circuits d\u2019eau chaude dans les installations solaires thermiques. Son design robuste assure une longue dur\u00e9e de vie et une haute pr\u00e9cision de r\u00e9gulation.<\/p>","protected":false},"excerpt":{"rendered":"<p>VANNE DE DISTRIBUTION SOLAIRE  3\/4&Prime; 35-55\u00b0C 262050<\/p>","protected":false},"featured_media":21993,"comment_status":"open","ping_status":"closed","template":"","meta":[],"product_brand":[],"product_cat":[8840,5519],"product_tag":[],"class_list":{"0":"post-14325","1":"product","2":"type-product","3":"status-publish","4":"has-post-thumbnail","6":"product_cat-test","7":"product_cat-vanne","9":"first","10":"instock","11":"sale","12":"taxable","13":"shipping-taxable","14":"purchasable","15":"product-type-simple"},"aioseo_notices":[],"_links":{"self":[{"href":"https:\/\/promochaudiere.be\/nl\/wp-json\/wp\/v2\/product\/14325","targetHints":{"allow":["GET"]}}],"collection":[{"href":"https:\/\/promochaudiere.be\/nl\/wp-json\/wp\/v2\/product"}],"about":[{"href":"https:\/\/promochaudiere.be\/nl\/wp-json\/wp\/v2\/types\/product"}],"replies":[{"embeddable":true,"href":"https:\/\/promochaudiere.be\/nl\/wp-json\/wp\/v2\/comments?post=14325"}],"version-history":[{"count":1,"href":"https:\/\/promochaudiere.be\/nl\/wp-json\/wp\/v2\/product\/14325\/revisions"}],"predecessor-version":[{"id":53057,"href":"https:\/\/promochaudiere.be\/nl\/wp-json\/wp\/v2\/product\/14325\/revisions\/53057"}],"wp:featuredmedia":[{"embeddable":true,"href":"https:\/\/promochaudiere.be\/nl\/wp-json\/wp\/v2\/media\/21993"}],"wp:attachment":[{"href":"https:\/\/promochaudiere.be\/nl\/wp-json\/wp\/v2\/media?parent=14325"}],"wp:term":[{"taxonomy":"product_brand","embeddable":true,"href":"https:\/\/promochaudiere.be\/nl\/wp-json\/wp\/v2\/product_brand?post=14325"},{"taxonomy":"product_cat","embeddable":true,"href":"https:\/\/promochaudiere.be\/nl\/wp-json\/wp\/v2\/product_cat?post=14325"},{"taxonomy":"product_tag","embeddable":true,"href":"https:\/\/promochaudiere.be\/nl\/wp-json\/wp\/v2\/product_tag?post=14325"}],"curies":[{"name":"wp","href":"https:\/\/api.w.org\/{rel}","templated":true}]}}