{"id":14326,"date":"2025-01-17T09:51:38","date_gmt":"2025-01-17T09:51:38","guid":{"rendered":"https:\/\/promochaudiere.be\/produit\/melangeur-basse-pression-pour-boiler-de-cuisine-sur-evier-5-15l-watts1895200\/"},"modified":"2026-02-03T18:15:13","modified_gmt":"2026-02-03T17:15:13","slug":"melangeur-basse-pression-pour-boiler-de-cuisine-sur-evier-5-15l-watts1895200","status":"publish","type":"product","link":"https:\/\/promochaudiere.be\/nl\/product\/melangeur-basse-pression-pour-boiler-de-cuisine-sur-evier-5-15l-watts1895200\/","title":{"rendered":"MELANGEUR BASSE PRESSION POUR BOILER DE CUISINE SUR EVIER  5-15L WATTS1895200"},"content":{"rendered":"<p>Ce m\u00e9langeur basse pression Watts est con\u00e7u pour r\u00e9guler le d\u00e9bit d\u2019eau chaude et froide dans les boilers de cuisine. Il assure un contr\u00f4le pr\u00e9cis de la temp\u00e9rature pour un confort optimal. Fabriqu\u00e9 en mat\u00e9riau robuste, il garantit une excellente r\u00e9sistance \u00e0 la corrosion et aux variations thermiques. Facile \u00e0 installer, il am\u00e9liore l\u2019efficacit\u00e9 du syst\u00e8me d\u2019alimentation en eau. Un accessoire essentiel pour une gestion fluide de la distribution d\u2019eau.<\/p>","protected":false},"excerpt":{"rendered":"<p>MELANGEUR BASSE PRESSION POUR BOILER DE CUISINE SUR EVIER 5-15L WATTS1895200<\/p>","protected":false},"featured_media":22236,"comment_status":"open","ping_status":"closed","template":"","meta":[],"product_brand":[],"product_cat":[5675,8840],"product_tag":[],"class_list":{"0":"post-14326","1":"product","2":"type-product","3":"status-publish","4":"has-post-thumbnail","6":"product_cat-accessoire-boiler","7":"product_cat-test","9":"first","10":"instock","11":"sale","12":"taxable","13":"shipping-taxable","14":"purchasable","15":"product-type-simple"},"aioseo_notices":[],"_links":{"self":[{"href":"https:\/\/promochaudiere.be\/nl\/wp-json\/wp\/v2\/product\/14326","targetHints":{"allow":["GET"]}}],"collection":[{"href":"https:\/\/promochaudiere.be\/nl\/wp-json\/wp\/v2\/product"}],"about":[{"href":"https:\/\/promochaudiere.be\/nl\/wp-json\/wp\/v2\/types\/product"}],"replies":[{"embeddable":true,"href":"https:\/\/promochaudiere.be\/nl\/wp-json\/wp\/v2\/comments?post=14326"}],"version-history":[{"count":1,"href":"https:\/\/promochaudiere.be\/nl\/wp-json\/wp\/v2\/product\/14326\/revisions"}],"predecessor-version":[{"id":53056,"href":"https:\/\/promochaudiere.be\/nl\/wp-json\/wp\/v2\/product\/14326\/revisions\/53056"}],"wp:featuredmedia":[{"embeddable":true,"href":"https:\/\/promochaudiere.be\/nl\/wp-json\/wp\/v2\/media\/22236"}],"wp:attachment":[{"href":"https:\/\/promochaudiere.be\/nl\/wp-json\/wp\/v2\/media?parent=14326"}],"wp:term":[{"taxonomy":"product_brand","embeddable":true,"href":"https:\/\/promochaudiere.be\/nl\/wp-json\/wp\/v2\/product_brand?post=14326"},{"taxonomy":"product_cat","embeddable":true,"href":"https:\/\/promochaudiere.be\/nl\/wp-json\/wp\/v2\/product_cat?post=14326"},{"taxonomy":"product_tag","embeddable":true,"href":"https:\/\/promochaudiere.be\/nl\/wp-json\/wp\/v2\/product_tag?post=14326"}],"curies":[{"name":"wp","href":"https:\/\/api.w.org\/{rel}","templated":true}]}}