{"id":14328,"date":"2025-01-17T09:51:39","date_gmt":"2025-01-17T09:51:39","guid":{"rendered":"https:\/\/promochaudiere.be\/produit\/passage-de-toit-isolee-easyair-160mm-noir-400480632\/"},"modified":"2026-02-03T18:15:10","modified_gmt":"2026-02-03T17:15:10","slug":"passage-de-toit-isolee-easyair-160mm-noir-400480632","status":"publish","type":"product","link":"https:\/\/promochaudiere.be\/nl\/product\/passage-de-toit-isolee-easyair-160mm-noir-400480632\/","title":{"rendered":"PASSAGE DE TOIT ISOLEE EASYAIR 160MM NOIR 400480632"},"content":{"rendered":"<p>Ce passage de toit isol\u00e9 EasyAir est con\u00e7u pour les installations n\u00e9cessitant une sortie \u00d8160mm. Il assure une \u00e9vacuation efficace et prot\u00e8ge contre les infiltrations d\u2019eau et les pertes thermiques. Son isolation int\u00e9gr\u00e9e optimise la performance \u00e9nerg\u00e9tique des syst\u00e8mes de ventilation. Facile \u00e0 poser, il offre une solution durable et fiable. Son design noir s\u2019harmonise avec tous types de toitures. Une solution id\u00e9ale pour am\u00e9liorer l\u2019efficacit\u00e9 de la ventilation et garantir un confort optimal.<\/p>","protected":false},"excerpt":{"rendered":"<p>PASSAGE DE TOIT ISOLEE EASYAIR 160MM NOIR 400480632<\/p>","protected":false},"featured_media":22258,"comment_status":"open","ping_status":"closed","template":"","meta":[],"product_brand":[],"product_cat":[5545,8840],"product_tag":[],"class_list":{"0":"post-14328","1":"product","2":"type-product","3":"status-publish","4":"has-post-thumbnail","6":"product_cat-passage-de-toit","7":"product_cat-test","9":"first","10":"instock","11":"sale","12":"taxable","13":"shipping-taxable","14":"purchasable","15":"product-type-simple"},"aioseo_notices":[],"_links":{"self":[{"href":"https:\/\/promochaudiere.be\/nl\/wp-json\/wp\/v2\/product\/14328","targetHints":{"allow":["GET"]}}],"collection":[{"href":"https:\/\/promochaudiere.be\/nl\/wp-json\/wp\/v2\/product"}],"about":[{"href":"https:\/\/promochaudiere.be\/nl\/wp-json\/wp\/v2\/types\/product"}],"replies":[{"embeddable":true,"href":"https:\/\/promochaudiere.be\/nl\/wp-json\/wp\/v2\/comments?post=14328"}],"version-history":[{"count":1,"href":"https:\/\/promochaudiere.be\/nl\/wp-json\/wp\/v2\/product\/14328\/revisions"}],"predecessor-version":[{"id":53055,"href":"https:\/\/promochaudiere.be\/nl\/wp-json\/wp\/v2\/product\/14328\/revisions\/53055"}],"wp:featuredmedia":[{"embeddable":true,"href":"https:\/\/promochaudiere.be\/nl\/wp-json\/wp\/v2\/media\/22258"}],"wp:attachment":[{"href":"https:\/\/promochaudiere.be\/nl\/wp-json\/wp\/v2\/media?parent=14328"}],"wp:term":[{"taxonomy":"product_brand","embeddable":true,"href":"https:\/\/promochaudiere.be\/nl\/wp-json\/wp\/v2\/product_brand?post=14328"},{"taxonomy":"product_cat","embeddable":true,"href":"https:\/\/promochaudiere.be\/nl\/wp-json\/wp\/v2\/product_cat?post=14328"},{"taxonomy":"product_tag","embeddable":true,"href":"https:\/\/promochaudiere.be\/nl\/wp-json\/wp\/v2\/product_tag?post=14328"}],"curies":[{"name":"wp","href":"https:\/\/api.w.org\/{rel}","templated":true}]}}