{"id":14330,"date":"2025-01-17T09:51:40","date_gmt":"2025-01-17T09:51:40","guid":{"rendered":"https:\/\/promochaudiere.be\/produit\/zehnder-comfosplitter-module-dextension-comfonet-655010270\/"},"modified":"2026-02-03T18:15:09","modified_gmt":"2026-02-03T17:15:09","slug":"zehnder-comfosplitter-module-dextension-comfonet-655010270","status":"publish","type":"product","link":"https:\/\/promochaudiere.be\/nl\/product\/zehnder-comfosplitter-module-dextension-comfonet-655010270\/","title":{"rendered":"ZEHNDER COMFOSPLITTER-MODULE D&rsquo;EXTENSION COMFONET 655010270"},"content":{"rendered":"<p>Ce module d\u2019extension Zehnder ComfoSplitter permet d\u2019ajouter des fonctionnalit\u00e9s aux unit\u00e9s de ventilation ComfoAir. Il assure une distribution homog\u00e8ne de l\u2019air dans plusieurs zones. Facile \u00e0 int\u00e9grer, il am\u00e9liore la gestion de la qualit\u00e9 de l\u2019air int\u00e9rieur. Un choix id\u00e9al pour une ventilation optimis\u00e9e.<\/p>","protected":false},"excerpt":{"rendered":"<p>ZEHNDER COMFOSPLITTER-MODULE D&rsquo;EXTENSION COMFONET 655010270<\/p>","protected":false},"featured_media":22778,"comment_status":"open","ping_status":"closed","template":"","meta":[],"product_brand":[],"product_cat":[10895],"product_tag":[],"class_list":{"0":"post-14330","1":"product","2":"type-product","3":"status-publish","4":"has-post-thumbnail","6":"product_cat-accessoires-zehnder","7":"pa_marque-zehnder","9":"first","10":"instock","11":"sale","12":"taxable","13":"shipping-taxable","14":"purchasable","15":"product-type-simple"},"aioseo_notices":[],"_links":{"self":[{"href":"https:\/\/promochaudiere.be\/nl\/wp-json\/wp\/v2\/product\/14330","targetHints":{"allow":["GET"]}}],"collection":[{"href":"https:\/\/promochaudiere.be\/nl\/wp-json\/wp\/v2\/product"}],"about":[{"href":"https:\/\/promochaudiere.be\/nl\/wp-json\/wp\/v2\/types\/product"}],"replies":[{"embeddable":true,"href":"https:\/\/promochaudiere.be\/nl\/wp-json\/wp\/v2\/comments?post=14330"}],"version-history":[{"count":1,"href":"https:\/\/promochaudiere.be\/nl\/wp-json\/wp\/v2\/product\/14330\/revisions"}],"predecessor-version":[{"id":53053,"href":"https:\/\/promochaudiere.be\/nl\/wp-json\/wp\/v2\/product\/14330\/revisions\/53053"}],"wp:featuredmedia":[{"embeddable":true,"href":"https:\/\/promochaudiere.be\/nl\/wp-json\/wp\/v2\/media\/22778"}],"wp:attachment":[{"href":"https:\/\/promochaudiere.be\/nl\/wp-json\/wp\/v2\/media?parent=14330"}],"wp:term":[{"taxonomy":"product_brand","embeddable":true,"href":"https:\/\/promochaudiere.be\/nl\/wp-json\/wp\/v2\/product_brand?post=14330"},{"taxonomy":"product_cat","embeddable":true,"href":"https:\/\/promochaudiere.be\/nl\/wp-json\/wp\/v2\/product_cat?post=14330"},{"taxonomy":"product_tag","embeddable":true,"href":"https:\/\/promochaudiere.be\/nl\/wp-json\/wp\/v2\/product_tag?post=14330"}],"curies":[{"name":"wp","href":"https:\/\/api.w.org\/{rel}","templated":true}]}}