{"id":14333,"date":"2025-01-17T09:51:41","date_gmt":"2025-01-17T09:51:41","guid":{"rendered":"https:\/\/promochaudiere.be\/produit\/duco-capt-integr-humid-ducobox-energy-comf-pl-00004723\/"},"modified":"2026-02-03T18:15:10","modified_gmt":"2026-02-03T17:15:10","slug":"duco-capt-integr-humid-ducobox-energy-comf-pl-00004723","status":"publish","type":"product","link":"https:\/\/promochaudiere.be\/nl\/product\/duco-capt-integr-humid-ducobox-energy-comf-pl-00004723\/","title":{"rendered":"DUCO CAPT.INTEGR.HUMID.DUCOBOX ENERGY COMF.PL 00004723"},"content":{"rendered":"<p>Ce capteur int\u00e9gr\u00e9 Duco mesure le taux d\u2019humidit\u00e9 ambiant et r\u00e9gule automatiquement la ventilation pour un confort optimal. Compatible avec la DucoBox Energy Comfort Plus, il permet d\u2019adapter le renouvellement d\u2019air en fonction des besoins r\u00e9els. Il am\u00e9liore la qualit\u00e9 de l\u2019air int\u00e9rieur tout en r\u00e9duisant la consommation \u00e9nerg\u00e9tique du syst\u00e8me. Facile \u00e0 installer, il fonctionne en continu pour garantir une atmosph\u00e8re saine et \u00e9quilibr\u00e9e. Son capteur de haute pr\u00e9cision d\u00e9tecte rapidement les variations d\u2019humidit\u00e9. Un accessoire indispensable pour une gestion intelligente de la ventilation.<\/p>","protected":false},"excerpt":{"rendered":"<p>DUCO CAPT.INTEGR.HUMID.DUCOBOX ENERGY COMF.PL 00004723<\/p>","protected":false},"featured_media":22100,"comment_status":"open","ping_status":"closed","template":"","meta":[],"product_brand":[],"product_cat":[10943,8840],"product_tag":[],"class_list":{"0":"post-14333","1":"product","2":"type-product","3":"status-publish","4":"has-post-thumbnail","6":"product_cat-accessoires-duco","7":"product_cat-test","8":"pa_marque-duco","10":"first","11":"instock","12":"sale","13":"taxable","14":"shipping-taxable","15":"purchasable","16":"product-type-simple"},"aioseo_notices":[],"_links":{"self":[{"href":"https:\/\/promochaudiere.be\/nl\/wp-json\/wp\/v2\/product\/14333","targetHints":{"allow":["GET"]}}],"collection":[{"href":"https:\/\/promochaudiere.be\/nl\/wp-json\/wp\/v2\/product"}],"about":[{"href":"https:\/\/promochaudiere.be\/nl\/wp-json\/wp\/v2\/types\/product"}],"replies":[{"embeddable":true,"href":"https:\/\/promochaudiere.be\/nl\/wp-json\/wp\/v2\/comments?post=14333"}],"version-history":[{"count":1,"href":"https:\/\/promochaudiere.be\/nl\/wp-json\/wp\/v2\/product\/14333\/revisions"}],"predecessor-version":[{"id":45692,"href":"https:\/\/promochaudiere.be\/nl\/wp-json\/wp\/v2\/product\/14333\/revisions\/45692"}],"wp:featuredmedia":[{"embeddable":true,"href":"https:\/\/promochaudiere.be\/nl\/wp-json\/wp\/v2\/media\/22100"}],"wp:attachment":[{"href":"https:\/\/promochaudiere.be\/nl\/wp-json\/wp\/v2\/media?parent=14333"}],"wp:term":[{"taxonomy":"product_brand","embeddable":true,"href":"https:\/\/promochaudiere.be\/nl\/wp-json\/wp\/v2\/product_brand?post=14333"},{"taxonomy":"product_cat","embeddable":true,"href":"https:\/\/promochaudiere.be\/nl\/wp-json\/wp\/v2\/product_cat?post=14333"},{"taxonomy":"product_tag","embeddable":true,"href":"https:\/\/promochaudiere.be\/nl\/wp-json\/wp\/v2\/product_tag?post=14333"}],"curies":[{"name":"wp","href":"https:\/\/api.w.org\/{rel}","templated":true}]}}