{"id":14334,"date":"2025-01-17T09:51:41","date_gmt":"2025-01-17T09:51:41","guid":{"rendered":"https:\/\/promochaudiere.be\/produit\/spiro-d-separateur-de-boueaimant-3-4-universel-ue075whk54\/"},"modified":"2026-02-03T18:15:10","modified_gmt":"2026-02-03T17:15:10","slug":"spiro-d-separateur-de-boueaimant-3-4-universel-ue075whk54","status":"publish","type":"product","link":"https:\/\/promochaudiere.be\/nl\/product\/spiro-d-separateur-de-boueaimant-3-4-universel-ue075whk54\/","title":{"rendered":"SPIRO D-SEPARATEUR DE BOUE+AIMANT 3\/4&Prime; UNIVERSEL UE075WHK54"},"content":{"rendered":"<p>Ce s\u00e9parateur de boue Spiro D permet d\u2019\u00e9liminer les impuret\u00e9s dans les circuits hydrauliques. Son raccord 3\/4&Prime; assure une connexion rapide et efficace. Son aimant haute performance capture les particules m\u00e9talliques, r\u00e9duisant l\u2019usure des composants. Il am\u00e9liore la performance du chauffage en optimisant la circulation du fluide. Facile \u00e0 entretenir, il prolonge la dur\u00e9e de vie des \u00e9quipements. Un accessoire indispensable pour un fonctionnement optimal du syst\u00e8me.<\/p>","protected":false},"excerpt":{"rendered":"<p>SPIRO D-SEPARATEUR DE BOUE+AIMANT 3\/4&Prime; UNIVERSEL UE075WHK54<\/p>","protected":false},"featured_media":22336,"comment_status":"open","ping_status":"closed","template":"","meta":[],"product_brand":[],"product_cat":[5527,8840],"product_tag":[],"class_list":{"0":"post-14334","1":"product","2":"type-product","3":"status-publish","4":"has-post-thumbnail","6":"product_cat-separation-dair-et-de-boues","7":"product_cat-test","9":"first","10":"instock","11":"sale","12":"taxable","13":"shipping-taxable","14":"purchasable","15":"product-type-simple"},"aioseo_notices":[],"_links":{"self":[{"href":"https:\/\/promochaudiere.be\/nl\/wp-json\/wp\/v2\/product\/14334","targetHints":{"allow":["GET"]}}],"collection":[{"href":"https:\/\/promochaudiere.be\/nl\/wp-json\/wp\/v2\/product"}],"about":[{"href":"https:\/\/promochaudiere.be\/nl\/wp-json\/wp\/v2\/types\/product"}],"replies":[{"embeddable":true,"href":"https:\/\/promochaudiere.be\/nl\/wp-json\/wp\/v2\/comments?post=14334"}],"version-history":[{"count":1,"href":"https:\/\/promochaudiere.be\/nl\/wp-json\/wp\/v2\/product\/14334\/revisions"}],"predecessor-version":[{"id":53052,"href":"https:\/\/promochaudiere.be\/nl\/wp-json\/wp\/v2\/product\/14334\/revisions\/53052"}],"wp:featuredmedia":[{"embeddable":true,"href":"https:\/\/promochaudiere.be\/nl\/wp-json\/wp\/v2\/media\/22336"}],"wp:attachment":[{"href":"https:\/\/promochaudiere.be\/nl\/wp-json\/wp\/v2\/media?parent=14334"}],"wp:term":[{"taxonomy":"product_brand","embeddable":true,"href":"https:\/\/promochaudiere.be\/nl\/wp-json\/wp\/v2\/product_brand?post=14334"},{"taxonomy":"product_cat","embeddable":true,"href":"https:\/\/promochaudiere.be\/nl\/wp-json\/wp\/v2\/product_cat?post=14334"},{"taxonomy":"product_tag","embeddable":true,"href":"https:\/\/promochaudiere.be\/nl\/wp-json\/wp\/v2\/product_tag?post=14334"}],"curies":[{"name":"wp","href":"https:\/\/api.w.org\/{rel}","templated":true}]}}