{"id":14339,"date":"2025-01-17T09:51:43","date_gmt":"2025-01-17T09:51:43","guid":{"rendered":"https:\/\/promochaudiere.be\/produit\/remeha-kit-ventouse-horizontale-tzerra-diametre-60-100-mm-s101687\/"},"modified":"2026-02-03T18:15:12","modified_gmt":"2026-02-03T17:15:12","slug":"remeha-kit-ventouse-horizontale-tzerra-diametre-60-100-mm-s101687","status":"publish","type":"product","link":"https:\/\/promochaudiere.be\/nl\/product\/remeha-kit-ventouse-horizontale-tzerra-diametre-60-100-mm-s101687\/","title":{"rendered":"Remeha kit ventouse horizontale TZERRA diam\u00e8tre 60\/100 mm S101687"},"content":{"rendered":"<p>Ce kit Remeha est con\u00e7u pour assurer une \u00e9vacuation efficace des fum\u00e9es en installation horizontale. Son diam\u00e8tre 80\/125mm garantit une compatibilit\u00e9 avec plusieurs chaudi\u00e8res. Son installation rapide optimise la performance \u00e9nerg\u00e9tique du syst\u00e8me.<\/p>","protected":false},"excerpt":{"rendered":"<p>Remeha kit ventouse horizontale TZERRA diam\u00e8tre 60\/100 mm S101687<\/p>","protected":false},"featured_media":22626,"comment_status":"open","ping_status":"closed","template":"","meta":[],"product_brand":[],"product_cat":[9527,8840],"product_tag":[],"class_list":{"0":"post-14339","1":"product","2":"type-product","3":"status-publish","4":"has-post-thumbnail","6":"product_cat-accessoire-remeha","7":"product_cat-test","8":"pa_marque-remeha","10":"first","11":"instock","12":"sale","13":"taxable","14":"shipping-taxable","15":"purchasable","16":"product-type-simple"},"aioseo_notices":[],"_links":{"self":[{"href":"https:\/\/promochaudiere.be\/nl\/wp-json\/wp\/v2\/product\/14339","targetHints":{"allow":["GET"]}}],"collection":[{"href":"https:\/\/promochaudiere.be\/nl\/wp-json\/wp\/v2\/product"}],"about":[{"href":"https:\/\/promochaudiere.be\/nl\/wp-json\/wp\/v2\/types\/product"}],"replies":[{"embeddable":true,"href":"https:\/\/promochaudiere.be\/nl\/wp-json\/wp\/v2\/comments?post=14339"}],"version-history":[{"count":1,"href":"https:\/\/promochaudiere.be\/nl\/wp-json\/wp\/v2\/product\/14339\/revisions"}],"predecessor-version":[{"id":45688,"href":"https:\/\/promochaudiere.be\/nl\/wp-json\/wp\/v2\/product\/14339\/revisions\/45688"}],"wp:featuredmedia":[{"embeddable":true,"href":"https:\/\/promochaudiere.be\/nl\/wp-json\/wp\/v2\/media\/22626"}],"wp:attachment":[{"href":"https:\/\/promochaudiere.be\/nl\/wp-json\/wp\/v2\/media?parent=14339"}],"wp:term":[{"taxonomy":"product_brand","embeddable":true,"href":"https:\/\/promochaudiere.be\/nl\/wp-json\/wp\/v2\/product_brand?post=14339"},{"taxonomy":"product_cat","embeddable":true,"href":"https:\/\/promochaudiere.be\/nl\/wp-json\/wp\/v2\/product_cat?post=14339"},{"taxonomy":"product_tag","embeddable":true,"href":"https:\/\/promochaudiere.be\/nl\/wp-json\/wp\/v2\/product_tag?post=14339"}],"curies":[{"name":"wp","href":"https:\/\/api.w.org\/{rel}","templated":true}]}}