{"id":14340,"date":"2025-01-17T09:51:43","date_gmt":"2025-01-17T09:51:43","guid":{"rendered":"https:\/\/promochaudiere.be\/produit\/kit-de-remplissage-cc-avec-robinets-a-bille-3-4mm-agree-ca-50cm-249120500\/"},"modified":"2026-02-03T18:15:12","modified_gmt":"2026-02-03T17:15:12","slug":"kit-de-remplissage-cc-avec-robinets-a-bille-3-4mm-agree-ca-50cm-249120500","status":"publish","type":"product","link":"https:\/\/promochaudiere.be\/product\/kit-de-remplissage-cc-avec-robinets-a-bille-3-4mm-agree-ca-50cm-249120500\/","title":{"rendered":"KIT DE REMPLISSAGE CC AVEC ROBINETS A BILLE 3\/4&Prime;MM AGREE CA 50CM 249120500"},"content":{"rendered":"<p>Ce kit complet permet une connexion rapide et s\u00fbre aux circuits de chauffage central. Les robinets \u00e0 bille int\u00e9gr\u00e9s facilitent la gestion du remplissage et de la vidange. Une solution id\u00e9ale pour assurer une installation fiable et performante.<\/p>","protected":false},"excerpt":{"rendered":"<p>KIT DE REMPLISSAGE CC AVEC ROBINETS A BILLE 3\/4&Prime;MM AGREE CA 50CM 249120500<\/p>","protected":false},"featured_media":21736,"comment_status":"open","ping_status":"closed","template":"","meta":[],"product_brand":[],"product_cat":[8840,5519],"product_tag":[],"class_list":{"0":"post-14340","1":"product","2":"type-product","3":"status-publish","4":"has-post-thumbnail","6":"product_cat-test","7":"product_cat-vanne","9":"first","10":"instock","11":"sale","12":"taxable","13":"shipping-taxable","14":"purchasable","15":"product-type-simple"},"aioseo_notices":[],"_links":{"self":[{"href":"https:\/\/promochaudiere.be\/nl\/wp-json\/wp\/v2\/product\/14340","targetHints":{"allow":["GET"]}}],"collection":[{"href":"https:\/\/promochaudiere.be\/nl\/wp-json\/wp\/v2\/product"}],"about":[{"href":"https:\/\/promochaudiere.be\/nl\/wp-json\/wp\/v2\/types\/product"}],"replies":[{"embeddable":true,"href":"https:\/\/promochaudiere.be\/nl\/wp-json\/wp\/v2\/comments?post=14340"}],"version-history":[{"count":1,"href":"https:\/\/promochaudiere.be\/nl\/wp-json\/wp\/v2\/product\/14340\/revisions"}],"predecessor-version":[{"id":53049,"href":"https:\/\/promochaudiere.be\/nl\/wp-json\/wp\/v2\/product\/14340\/revisions\/53049"}],"wp:featuredmedia":[{"embeddable":true,"href":"https:\/\/promochaudiere.be\/nl\/wp-json\/wp\/v2\/media\/21736"}],"wp:attachment":[{"href":"https:\/\/promochaudiere.be\/nl\/wp-json\/wp\/v2\/media?parent=14340"}],"wp:term":[{"taxonomy":"product_brand","embeddable":true,"href":"https:\/\/promochaudiere.be\/nl\/wp-json\/wp\/v2\/product_brand?post=14340"},{"taxonomy":"product_cat","embeddable":true,"href":"https:\/\/promochaudiere.be\/nl\/wp-json\/wp\/v2\/product_cat?post=14340"},{"taxonomy":"product_tag","embeddable":true,"href":"https:\/\/promochaudiere.be\/nl\/wp-json\/wp\/v2\/product_tag?post=14340"}],"curies":[{"name":"wp","href":"https:\/\/api.w.org\/{rel}","templated":true}]}}