{"id":14342,"date":"2025-01-17T09:51:44","date_gmt":"2025-01-17T09:51:44","guid":{"rendered":"https:\/\/promochaudiere.be\/produit\/wilo-filtre-daspiration-a-flotteur-5-4-gr-2024960\/"},"modified":"2026-02-03T18:15:12","modified_gmt":"2026-02-03T17:15:12","slug":"wilo-filtre-daspiration-a-flotteur-5-4-gr-2024960","status":"publish","type":"product","link":"https:\/\/promochaudiere.be\/nl\/product\/wilo-filtre-daspiration-a-flotteur-5-4-gr-2024960\/","title":{"rendered":"Wilo filtre d&rsquo;aspiration \u00e0 flotteur 5\/4 GR 2024960"},"content":{"rendered":"<p>Ce filtre d\u2019aspiration Wilo avec flotteur assure une filtration efficace des impuret\u00e9s dans les circuits hydrauliques. Son format 5\/4&Prime; garantit une compatibilit\u00e9 avec divers syst\u00e8mes. Il am\u00e9liore la qualit\u00e9 de l\u2019eau circulante en emp\u00eachant les particules d\u2019endommager les \u00e9quipements. Un accessoire essentiel pour prolonger la dur\u00e9e de vie des pompes.<\/p>","protected":false},"excerpt":{"rendered":"<p>Wilo filtre d&rsquo;aspiration \u00e0 flotteur 5\/4 GR 2024960<\/p>","protected":false},"featured_media":22180,"comment_status":"open","ping_status":"closed","template":"","meta":[],"product_brand":[],"product_cat":[5491,8840],"product_tag":[],"class_list":{"0":"post-14342","1":"product","2":"type-product","3":"status-publish","4":"has-post-thumbnail","6":"product_cat-accessoires-fr","7":"product_cat-test","8":"pa_marque-wilo","10":"first","11":"instock","12":"sale","13":"taxable","14":"shipping-taxable","15":"purchasable","16":"product-type-simple"},"aioseo_notices":[],"_links":{"self":[{"href":"https:\/\/promochaudiere.be\/nl\/wp-json\/wp\/v2\/product\/14342","targetHints":{"allow":["GET"]}}],"collection":[{"href":"https:\/\/promochaudiere.be\/nl\/wp-json\/wp\/v2\/product"}],"about":[{"href":"https:\/\/promochaudiere.be\/nl\/wp-json\/wp\/v2\/types\/product"}],"replies":[{"embeddable":true,"href":"https:\/\/promochaudiere.be\/nl\/wp-json\/wp\/v2\/comments?post=14342"}],"version-history":[{"count":1,"href":"https:\/\/promochaudiere.be\/nl\/wp-json\/wp\/v2\/product\/14342\/revisions"}],"predecessor-version":[{"id":53048,"href":"https:\/\/promochaudiere.be\/nl\/wp-json\/wp\/v2\/product\/14342\/revisions\/53048"}],"wp:featuredmedia":[{"embeddable":true,"href":"https:\/\/promochaudiere.be\/nl\/wp-json\/wp\/v2\/media\/22180"}],"wp:attachment":[{"href":"https:\/\/promochaudiere.be\/nl\/wp-json\/wp\/v2\/media?parent=14342"}],"wp:term":[{"taxonomy":"product_brand","embeddable":true,"href":"https:\/\/promochaudiere.be\/nl\/wp-json\/wp\/v2\/product_brand?post=14342"},{"taxonomy":"product_cat","embeddable":true,"href":"https:\/\/promochaudiere.be\/nl\/wp-json\/wp\/v2\/product_cat?post=14342"},{"taxonomy":"product_tag","embeddable":true,"href":"https:\/\/promochaudiere.be\/nl\/wp-json\/wp\/v2\/product_tag?post=14342"}],"curies":[{"name":"wp","href":"https:\/\/api.w.org\/{rel}","templated":true}]}}