{"id":14345,"date":"2025-01-17T09:51:45","date_gmt":"2025-01-17T09:51:45","guid":{"rendered":"https:\/\/promochaudiere.be\/produit\/vaillant-echangeur-sanitaire-20-plaques-178973\/"},"modified":"2026-02-03T18:15:11","modified_gmt":"2026-02-03T17:15:11","slug":"vaillant-echangeur-sanitaire-20-plaques-178973","status":"publish","type":"product","link":"https:\/\/promochaudiere.be\/nl\/product\/vaillant-echangeur-sanitaire-20-plaques-178973\/","title":{"rendered":"Vaillant Echangeur sanitaire (20 plaques) 178973"},"content":{"rendered":"<p>Cet \u00e9changeur sanitaire Vaillant est con\u00e7u pour chauffer efficacement l\u2019eau sanitaire. Compos\u00e9 de 20 plaques, il assure un \u00e9change thermique optimal. Fabriqu\u00e9 en acier inoxydable, il r\u00e9siste aux conditions de fonctionnement exigeantes. Son installation est rapide et am\u00e9liore la performance des chaudi\u00e8res. Un accessoire essentiel pour un approvisionnement en eau chaude constant et performant.<\/p>","protected":false},"excerpt":{"rendered":"<p>Vaillant Echangeur sanitaire (20 plaques) 178973<\/p>","protected":false},"featured_media":22416,"comment_status":"open","ping_status":"closed","template":"","meta":[],"product_brand":[],"product_cat":[8917,8840],"product_tag":[],"class_list":{"0":"post-14345","1":"product","2":"type-product","3":"status-publish","4":"has-post-thumbnail","6":"product_cat-pieces-detachees-vaillant","7":"product_cat-test","8":"pa_marque-vaillant","10":"first","11":"instock","12":"sale","13":"taxable","14":"shipping-taxable","15":"purchasable","16":"product-type-simple"},"aioseo_notices":[],"_links":{"self":[{"href":"https:\/\/promochaudiere.be\/nl\/wp-json\/wp\/v2\/product\/14345","targetHints":{"allow":["GET"]}}],"collection":[{"href":"https:\/\/promochaudiere.be\/nl\/wp-json\/wp\/v2\/product"}],"about":[{"href":"https:\/\/promochaudiere.be\/nl\/wp-json\/wp\/v2\/types\/product"}],"replies":[{"embeddable":true,"href":"https:\/\/promochaudiere.be\/nl\/wp-json\/wp\/v2\/comments?post=14345"}],"version-history":[{"count":1,"href":"https:\/\/promochaudiere.be\/nl\/wp-json\/wp\/v2\/product\/14345\/revisions"}],"predecessor-version":[{"id":53046,"href":"https:\/\/promochaudiere.be\/nl\/wp-json\/wp\/v2\/product\/14345\/revisions\/53046"}],"wp:featuredmedia":[{"embeddable":true,"href":"https:\/\/promochaudiere.be\/nl\/wp-json\/wp\/v2\/media\/22416"}],"wp:attachment":[{"href":"https:\/\/promochaudiere.be\/nl\/wp-json\/wp\/v2\/media?parent=14345"}],"wp:term":[{"taxonomy":"product_brand","embeddable":true,"href":"https:\/\/promochaudiere.be\/nl\/wp-json\/wp\/v2\/product_brand?post=14345"},{"taxonomy":"product_cat","embeddable":true,"href":"https:\/\/promochaudiere.be\/nl\/wp-json\/wp\/v2\/product_cat?post=14345"},{"taxonomy":"product_tag","embeddable":true,"href":"https:\/\/promochaudiere.be\/nl\/wp-json\/wp\/v2\/product_tag?post=14345"}],"curies":[{"name":"wp","href":"https:\/\/api.w.org\/{rel}","templated":true}]}}