{"id":14347,"date":"2025-01-17T09:51:45","date_gmt":"2025-01-17T09:51:45","guid":{"rendered":"https:\/\/promochaudiere.be\/produit\/spiro-d-separateur-dair-4-4-universel-ua100wk54\/"},"modified":"2026-02-03T18:15:10","modified_gmt":"2026-02-03T17:15:10","slug":"spiro-d-separateur-dair-4-4-universel-ua100wk54","status":"publish","type":"product","link":"https:\/\/promochaudiere.be\/nl\/product\/spiro-d-separateur-dair-4-4-universel-ua100wk54\/","title":{"rendered":"SPIRO D-SEPARATEUR D&rsquo;AIR 4\/4&Prime; UNIVERSEL UA100WK54"},"content":{"rendered":"<p>Ce s\u00e9parateur d\u2019air Spiro D assure une \u00e9limination efficace des bulles d\u2019air pr\u00e9sentes dans les circuits hydrauliques. Son raccordement en 4\/4&Prime; garantit une compatibilit\u00e9 avec diverses installations. Il r\u00e9duit les bruits de circulation et am\u00e9liore le rendement thermique. Sa conception robuste assure une longue dur\u00e9e de vie et une performance constante. Facile \u00e0 installer, il optimise le fonctionnement des syst\u00e8mes de chauffage et de refroidissement. Un accessoire indispensable pour une installation efficace et durable.<\/p>","protected":false},"excerpt":{"rendered":"<p>SPIRO D-SEPARATEUR D&rsquo;AIR 4\/4&Prime; UNIVERSEL UA100WK54<\/p>","protected":false},"featured_media":22333,"comment_status":"open","ping_status":"closed","template":"","meta":[],"product_brand":[],"product_cat":[5527,8840],"product_tag":[],"class_list":{"0":"post-14347","1":"product","2":"type-product","3":"status-publish","4":"has-post-thumbnail","6":"product_cat-separation-dair-et-de-boues","7":"product_cat-test","9":"first","10":"instock","11":"sale","12":"taxable","13":"shipping-taxable","14":"purchasable","15":"product-type-simple"},"aioseo_notices":[],"_links":{"self":[{"href":"https:\/\/promochaudiere.be\/nl\/wp-json\/wp\/v2\/product\/14347","targetHints":{"allow":["GET"]}}],"collection":[{"href":"https:\/\/promochaudiere.be\/nl\/wp-json\/wp\/v2\/product"}],"about":[{"href":"https:\/\/promochaudiere.be\/nl\/wp-json\/wp\/v2\/types\/product"}],"replies":[{"embeddable":true,"href":"https:\/\/promochaudiere.be\/nl\/wp-json\/wp\/v2\/comments?post=14347"}],"version-history":[{"count":1,"href":"https:\/\/promochaudiere.be\/nl\/wp-json\/wp\/v2\/product\/14347\/revisions"}],"predecessor-version":[{"id":53044,"href":"https:\/\/promochaudiere.be\/nl\/wp-json\/wp\/v2\/product\/14347\/revisions\/53044"}],"wp:featuredmedia":[{"embeddable":true,"href":"https:\/\/promochaudiere.be\/nl\/wp-json\/wp\/v2\/media\/22333"}],"wp:attachment":[{"href":"https:\/\/promochaudiere.be\/nl\/wp-json\/wp\/v2\/media?parent=14347"}],"wp:term":[{"taxonomy":"product_brand","embeddable":true,"href":"https:\/\/promochaudiere.be\/nl\/wp-json\/wp\/v2\/product_brand?post=14347"},{"taxonomy":"product_cat","embeddable":true,"href":"https:\/\/promochaudiere.be\/nl\/wp-json\/wp\/v2\/product_cat?post=14347"},{"taxonomy":"product_tag","embeddable":true,"href":"https:\/\/promochaudiere.be\/nl\/wp-json\/wp\/v2\/product_tag?post=14347"}],"curies":[{"name":"wp","href":"https:\/\/api.w.org\/{rel}","templated":true}]}}