{"id":14348,"date":"2025-01-17T09:51:46","date_gmt":"2025-01-17T09:51:46","guid":{"rendered":"https:\/\/promochaudiere.be\/produit\/spiro-d-separateur-dair-28mm-universel-ua028wk54\/"},"modified":"2026-02-03T18:15:10","modified_gmt":"2026-02-03T17:15:10","slug":"spiro-d-separateur-dair-28mm-universel-ua028wk54","status":"publish","type":"product","link":"https:\/\/promochaudiere.be\/product\/spiro-d-separateur-dair-28mm-universel-ua028wk54\/","title":{"rendered":"SPIRO D-SEPARATEUR D&rsquo;AIR 28MM UNIVERSEL UA028WK54"},"content":{"rendered":"<p>Ce s\u00e9parateur Spirotech de 28mm assure une \u00e9limination efficace de l\u2019air dans les circuits de chauffage. Il r\u00e9duit les pertes thermiques et am\u00e9liore la circulation du fluide caloporteur. Facile \u00e0 int\u00e9grer, il prolonge la dur\u00e9e de vie des \u00e9quipements. Un choix id\u00e9al pour une installation hydraulique performante.<\/p>","protected":false},"excerpt":{"rendered":"<p>SPIRO D-SEPARATEUR D&rsquo;AIR 28MM UNIVERSEL UA028WK54<\/p>","protected":false},"featured_media":22636,"comment_status":"open","ping_status":"closed","template":"","meta":[],"product_brand":[],"product_cat":[5527,8840],"product_tag":[],"class_list":{"0":"post-14348","1":"product","2":"type-product","3":"status-publish","4":"has-post-thumbnail","6":"product_cat-separation-dair-et-de-boues","7":"product_cat-test","9":"first","10":"instock","11":"sale","12":"taxable","13":"shipping-taxable","14":"purchasable","15":"product-type-simple"},"aioseo_notices":[],"_links":{"self":[{"href":"https:\/\/promochaudiere.be\/nl\/wp-json\/wp\/v2\/product\/14348","targetHints":{"allow":["GET"]}}],"collection":[{"href":"https:\/\/promochaudiere.be\/nl\/wp-json\/wp\/v2\/product"}],"about":[{"href":"https:\/\/promochaudiere.be\/nl\/wp-json\/wp\/v2\/types\/product"}],"replies":[{"embeddable":true,"href":"https:\/\/promochaudiere.be\/nl\/wp-json\/wp\/v2\/comments?post=14348"}],"version-history":[{"count":1,"href":"https:\/\/promochaudiere.be\/nl\/wp-json\/wp\/v2\/product\/14348\/revisions"}],"predecessor-version":[{"id":53043,"href":"https:\/\/promochaudiere.be\/nl\/wp-json\/wp\/v2\/product\/14348\/revisions\/53043"}],"wp:featuredmedia":[{"embeddable":true,"href":"https:\/\/promochaudiere.be\/nl\/wp-json\/wp\/v2\/media\/22636"}],"wp:attachment":[{"href":"https:\/\/promochaudiere.be\/nl\/wp-json\/wp\/v2\/media?parent=14348"}],"wp:term":[{"taxonomy":"product_brand","embeddable":true,"href":"https:\/\/promochaudiere.be\/nl\/wp-json\/wp\/v2\/product_brand?post=14348"},{"taxonomy":"product_cat","embeddable":true,"href":"https:\/\/promochaudiere.be\/nl\/wp-json\/wp\/v2\/product_cat?post=14348"},{"taxonomy":"product_tag","embeddable":true,"href":"https:\/\/promochaudiere.be\/nl\/wp-json\/wp\/v2\/product_tag?post=14348"}],"curies":[{"name":"wp","href":"https:\/\/api.w.org\/{rel}","templated":true}]}}