{"id":14352,"date":"2025-01-17T09:51:47","date_gmt":"2025-01-17T09:51:47","guid":{"rendered":"https:\/\/promochaudiere.be\/produit\/remeha-kit-ventouse-horizontale-60-100-mm-s100390\/"},"modified":"2026-02-03T19:39:58","modified_gmt":"2026-02-03T18:39:58","slug":"remeha-kit-ventouse-horizontale-60-100-mm-s100390","status":"publish","type":"product","link":"https:\/\/promochaudiere.be\/nl\/product\/remeha-kit-ventouse-horizontale-60-100-mm-s100390\/","title":{"rendered":"Remeha kit ventouse horizontale 60\/100 mm  S100390"},"content":{"rendered":"<p>Ce kit ventouse Remeha permet une \u00e9vacuation efficace des gaz de combustion pour les chaudi\u00e8res \u00e0 condensation. Son diam\u00e8tre de 60\/100 mm assure une compatibilit\u00e9 avec de nombreux mod\u00e8les.<\/p>","protected":false},"excerpt":{"rendered":"<p>Remeha kit ventouse horizontale 60\/100 mm  S100390<\/p>","protected":false},"featured_media":21764,"comment_status":"open","ping_status":"closed","template":"","meta":[],"product_brand":[],"product_cat":[9527,8840],"product_tag":[],"class_list":{"0":"post-14352","1":"product","2":"type-product","3":"status-publish","4":"has-post-thumbnail","6":"product_cat-accessoire-remeha","7":"product_cat-test","8":"pa_marque-remeha","10":"first","11":"instock","12":"sale","13":"taxable","14":"shipping-taxable","15":"purchasable","16":"product-type-simple"},"aioseo_notices":[],"_links":{"self":[{"href":"https:\/\/promochaudiere.be\/nl\/wp-json\/wp\/v2\/product\/14352","targetHints":{"allow":["GET"]}}],"collection":[{"href":"https:\/\/promochaudiere.be\/nl\/wp-json\/wp\/v2\/product"}],"about":[{"href":"https:\/\/promochaudiere.be\/nl\/wp-json\/wp\/v2\/types\/product"}],"replies":[{"embeddable":true,"href":"https:\/\/promochaudiere.be\/nl\/wp-json\/wp\/v2\/comments?post=14352"}],"version-history":[{"count":1,"href":"https:\/\/promochaudiere.be\/nl\/wp-json\/wp\/v2\/product\/14352\/revisions"}],"predecessor-version":[{"id":45685,"href":"https:\/\/promochaudiere.be\/nl\/wp-json\/wp\/v2\/product\/14352\/revisions\/45685"}],"wp:featuredmedia":[{"embeddable":true,"href":"https:\/\/promochaudiere.be\/nl\/wp-json\/wp\/v2\/media\/21764"}],"wp:attachment":[{"href":"https:\/\/promochaudiere.be\/nl\/wp-json\/wp\/v2\/media?parent=14352"}],"wp:term":[{"taxonomy":"product_brand","embeddable":true,"href":"https:\/\/promochaudiere.be\/nl\/wp-json\/wp\/v2\/product_brand?post=14352"},{"taxonomy":"product_cat","embeddable":true,"href":"https:\/\/promochaudiere.be\/nl\/wp-json\/wp\/v2\/product_cat?post=14352"},{"taxonomy":"product_tag","embeddable":true,"href":"https:\/\/promochaudiere.be\/nl\/wp-json\/wp\/v2\/product_tag?post=14352"}],"curies":[{"name":"wp","href":"https:\/\/api.w.org\/{rel}","templated":true}]}}