{"id":14353,"date":"2025-01-17T09:51:48","date_gmt":"2025-01-17T09:51:48","guid":{"rendered":"https:\/\/promochaudiere.be\/produit\/soler-palau-ventilateur-pour-salle-de-bains-silent-100-cz-design-5210603100\/"},"modified":"2026-02-03T19:39:56","modified_gmt":"2026-02-03T18:39:56","slug":"soler-palau-ventilateur-pour-salle-de-bains-silent-100-cz-design-5210603100","status":"publish","type":"product","link":"https:\/\/promochaudiere.be\/nl\/product\/soler-palau-ventilateur-pour-salle-de-bains-silent-100-cz-design-5210603100\/","title":{"rendered":"SOLER &#038; PALAU VENTILATEUR POUR SALLE DE BAINS SILENT-100 CZ DESIGN 5210603100"},"content":{"rendered":"<p>Ce mod\u00e8le Silent de Soler &#038; Palau offre une extraction d\u2019air efficace avec un fonctionnement ultra-silencieux. Son diam\u00e8tre de 100mm assure une \u00e9vacuation rapide de l\u2019humidit\u00e9. Son moteur \u00e0 faible consommation garantit une performance durable. Facile \u00e0 installer, il s\u2019adapte aux syst\u00e8mes de ventilation existants. Id\u00e9al pour un confort thermique optimal. Une solution parfaite pour un air int\u00e9rieur frais et purifi\u00e9.<\/p>","protected":false},"excerpt":{"rendered":"<p>SOLER &#038; PALAU VENTILATEUR POUR SALLE DE BAINS SILENT-100 CZ DESIGN 5210603100<\/p>","protected":false},"featured_media":22243,"comment_status":"open","ping_status":"closed","template":"","meta":[],"product_brand":[],"product_cat":[5535,8840],"product_tag":[],"class_list":{"0":"post-14353","1":"product","2":"type-product","3":"status-publish","4":"has-post-thumbnail","6":"product_cat-extracteur","7":"product_cat-test","8":"pa_marque-soler-palau","10":"first","11":"instock","12":"sale","13":"taxable","14":"shipping-taxable","15":"purchasable","16":"product-type-simple"},"aioseo_notices":[],"_links":{"self":[{"href":"https:\/\/promochaudiere.be\/nl\/wp-json\/wp\/v2\/product\/14353","targetHints":{"allow":["GET"]}}],"collection":[{"href":"https:\/\/promochaudiere.be\/nl\/wp-json\/wp\/v2\/product"}],"about":[{"href":"https:\/\/promochaudiere.be\/nl\/wp-json\/wp\/v2\/types\/product"}],"replies":[{"embeddable":true,"href":"https:\/\/promochaudiere.be\/nl\/wp-json\/wp\/v2\/comments?post=14353"}],"version-history":[{"count":1,"href":"https:\/\/promochaudiere.be\/nl\/wp-json\/wp\/v2\/product\/14353\/revisions"}],"predecessor-version":[{"id":53041,"href":"https:\/\/promochaudiere.be\/nl\/wp-json\/wp\/v2\/product\/14353\/revisions\/53041"}],"wp:featuredmedia":[{"embeddable":true,"href":"https:\/\/promochaudiere.be\/nl\/wp-json\/wp\/v2\/media\/22243"}],"wp:attachment":[{"href":"https:\/\/promochaudiere.be\/nl\/wp-json\/wp\/v2\/media?parent=14353"}],"wp:term":[{"taxonomy":"product_brand","embeddable":true,"href":"https:\/\/promochaudiere.be\/nl\/wp-json\/wp\/v2\/product_brand?post=14353"},{"taxonomy":"product_cat","embeddable":true,"href":"https:\/\/promochaudiere.be\/nl\/wp-json\/wp\/v2\/product_cat?post=14353"},{"taxonomy":"product_tag","embeddable":true,"href":"https:\/\/promochaudiere.be\/nl\/wp-json\/wp\/v2\/product_tag?post=14353"}],"curies":[{"name":"wp","href":"https:\/\/api.w.org\/{rel}","templated":true}]}}