{"id":14366,"date":"2025-01-17T09:51:53","date_gmt":"2025-01-17T09:51:53","guid":{"rendered":"https:\/\/promochaudiere.be\/produit\/honeywell-thermostat-dt4r-on-off-recepteur-sans-fil-blanc-yt42wrft20\/"},"modified":"2026-02-03T19:39:58","modified_gmt":"2026-02-03T18:39:58","slug":"honeywell-thermostat-dt4r-on-off-recepteur-sans-fil-blanc-yt42wrft20","status":"publish","type":"product","link":"https:\/\/promochaudiere.be\/nl\/product\/honeywell-thermostat-dt4r-on-off-recepteur-sans-fil-blanc-yt42wrft20\/","title":{"rendered":"HONEYWELL THERMOSTAT DT4R ON \/OFF +RECEPTEUR SANS FIL BLANC YT42WRFT20"},"content":{"rendered":"<p>Ce thermostat sans fil Honeywell DT4R assure un contr\u00f4le pr\u00e9cis du chauffage gr\u00e2ce \u00e0 son fonctionnement on\/off. Livr\u00e9 avec un r\u00e9cepteur, il permet une installation rapide et un usage flexible. Son interface simple et intuitive facilite le r\u00e9glage des temp\u00e9ratures. Compatible avec diff\u00e9rents syst\u00e8mes de chauffage, il am\u00e9liore l\u2019efficacit\u00e9 thermique. Id\u00e9al pour les habitations n\u00e9cessitant une r\u00e9gulation fiable et facile \u00e0 utiliser. Un choix parfait pour une gestion simplifi\u00e9e du confort thermique.<\/p>","protected":false},"excerpt":{"rendered":"<p>HONEYWELL THERMOSTAT DT4R ON \/OFF +RECEPTEUR SANS FIL BLANC YT42WRFT20<\/p>","protected":false},"featured_media":22383,"comment_status":"open","ping_status":"closed","template":"","meta":[],"product_brand":[],"product_cat":[8840,530],"product_tag":[],"class_list":{"0":"post-14366","1":"product","2":"type-product","3":"status-publish","4":"has-post-thumbnail","6":"product_cat-test","7":"product_cat-thermostat-honeywell","8":"pa_marque-honeywell","10":"first","11":"instock","12":"sale","13":"taxable","14":"shipping-taxable","15":"purchasable","16":"product-type-simple"},"aioseo_notices":[],"_links":{"self":[{"href":"https:\/\/promochaudiere.be\/nl\/wp-json\/wp\/v2\/product\/14366","targetHints":{"allow":["GET"]}}],"collection":[{"href":"https:\/\/promochaudiere.be\/nl\/wp-json\/wp\/v2\/product"}],"about":[{"href":"https:\/\/promochaudiere.be\/nl\/wp-json\/wp\/v2\/types\/product"}],"replies":[{"embeddable":true,"href":"https:\/\/promochaudiere.be\/nl\/wp-json\/wp\/v2\/comments?post=14366"}],"version-history":[{"count":1,"href":"https:\/\/promochaudiere.be\/nl\/wp-json\/wp\/v2\/product\/14366\/revisions"}],"predecessor-version":[{"id":45673,"href":"https:\/\/promochaudiere.be\/nl\/wp-json\/wp\/v2\/product\/14366\/revisions\/45673"}],"wp:featuredmedia":[{"embeddable":true,"href":"https:\/\/promochaudiere.be\/nl\/wp-json\/wp\/v2\/media\/22383"}],"wp:attachment":[{"href":"https:\/\/promochaudiere.be\/nl\/wp-json\/wp\/v2\/media?parent=14366"}],"wp:term":[{"taxonomy":"product_brand","embeddable":true,"href":"https:\/\/promochaudiere.be\/nl\/wp-json\/wp\/v2\/product_brand?post=14366"},{"taxonomy":"product_cat","embeddable":true,"href":"https:\/\/promochaudiere.be\/nl\/wp-json\/wp\/v2\/product_cat?post=14366"},{"taxonomy":"product_tag","embeddable":true,"href":"https:\/\/promochaudiere.be\/nl\/wp-json\/wp\/v2\/product_tag?post=14366"}],"curies":[{"name":"wp","href":"https:\/\/api.w.org\/{rel}","templated":true}]}}