{"id":14367,"date":"2025-01-17T09:51:54","date_gmt":"2025-01-17T09:51:54","guid":{"rendered":"https:\/\/promochaudiere.be\/produit\/bwt-filtre-eau-de-pluie-pluvio-500st-af01001\/"},"modified":"2026-02-03T18:15:13","modified_gmt":"2026-02-03T17:15:13","slug":"bwt-filtre-eau-de-pluie-pluvio-500st-af01001","status":"publish","type":"product","link":"https:\/\/promochaudiere.be\/nl\/product\/bwt-filtre-eau-de-pluie-pluvio-500st-af01001\/","title":{"rendered":"BWT filtre eau de pluie pluvio 500st AF01001"},"content":{"rendered":"<p>Le filtre \u00e0 eau de pluie BWT Pluvio 500ST est con\u00e7u pour purifier l\u2019eau collect\u00e9e avant son utilisation domestique. Il \u00e9limine efficacement les impuret\u00e9s et les particules en suspension, garantissant une eau plus propre et s\u00e9curis\u00e9e. Son installation rapide et son entretien minimal en font une solution pratique pour la r\u00e9cup\u00e9ration d\u2019eau. Id\u00e9al pour r\u00e9duire la consommation d\u2019eau potable et pr\u00e9server l\u2019environnement.<\/p>","protected":false},"excerpt":{"rendered":"<p>BWT filtre eau de pluie pluvio 500st AF01001<\/p>","protected":false},"featured_media":21589,"comment_status":"open","ping_status":"closed","template":"","meta":[],"product_brand":[],"product_cat":[336,8840],"product_tag":[],"class_list":{"0":"post-14367","1":"product","2":"type-product","3":"status-publish","4":"has-post-thumbnail","6":"product_cat-filtre-traitement-deau","7":"product_cat-test","8":"pa_marque-bwt","10":"first","11":"instock","12":"sale","13":"taxable","14":"shipping-taxable","15":"purchasable","16":"product-type-simple"},"aioseo_notices":[],"_links":{"self":[{"href":"https:\/\/promochaudiere.be\/nl\/wp-json\/wp\/v2\/product\/14367","targetHints":{"allow":["GET"]}}],"collection":[{"href":"https:\/\/promochaudiere.be\/nl\/wp-json\/wp\/v2\/product"}],"about":[{"href":"https:\/\/promochaudiere.be\/nl\/wp-json\/wp\/v2\/types\/product"}],"replies":[{"embeddable":true,"href":"https:\/\/promochaudiere.be\/nl\/wp-json\/wp\/v2\/comments?post=14367"}],"version-history":[{"count":1,"href":"https:\/\/promochaudiere.be\/nl\/wp-json\/wp\/v2\/product\/14367\/revisions"}],"predecessor-version":[{"id":45669,"href":"https:\/\/promochaudiere.be\/nl\/wp-json\/wp\/v2\/product\/14367\/revisions\/45669"}],"wp:featuredmedia":[{"embeddable":true,"href":"https:\/\/promochaudiere.be\/nl\/wp-json\/wp\/v2\/media\/21589"}],"wp:attachment":[{"href":"https:\/\/promochaudiere.be\/nl\/wp-json\/wp\/v2\/media?parent=14367"}],"wp:term":[{"taxonomy":"product_brand","embeddable":true,"href":"https:\/\/promochaudiere.be\/nl\/wp-json\/wp\/v2\/product_brand?post=14367"},{"taxonomy":"product_cat","embeddable":true,"href":"https:\/\/promochaudiere.be\/nl\/wp-json\/wp\/v2\/product_cat?post=14367"},{"taxonomy":"product_tag","embeddable":true,"href":"https:\/\/promochaudiere.be\/nl\/wp-json\/wp\/v2\/product_tag?post=14367"}],"curies":[{"name":"wp","href":"https:\/\/api.w.org\/{rel}","templated":true}]}}