{"id":14370,"date":"2025-01-17T09:51:55","date_gmt":"2025-01-17T09:51:55","guid":{"rendered":"https:\/\/promochaudiere.be\/produit\/honeywell-reducteur-pression-eau-braukmann-d06f-4-4a-d06f1a\/"},"modified":"2026-02-03T18:15:12","modified_gmt":"2026-02-03T17:15:12","slug":"honeywell-reducteur-pression-eau-braukmann-d06f-4-4a-d06f1a","status":"publish","type":"product","link":"https:\/\/promochaudiere.be\/nl\/product\/honeywell-reducteur-pression-eau-braukmann-d06f-4-4a-d06f1a\/","title":{"rendered":"Honeywell r\u00e9ducteur pression eau braukmann d06f 4\/4&Prime;a D06F1A"},"content":{"rendered":"<p>Le r\u00e9ducteur de pression Honeywell Braukmann D06F1A est con\u00e7u pour stabiliser la pression de l\u2019eau dans les installations domestiques et industrielles. Il prot\u00e8ge les appareils sanitaires contre les surpressions et optimise leur performance. Facile \u00e0 installer et r\u00e9glable selon les besoins, il offre une s\u00e9curit\u00e9 accrue. Sa conception robuste assure une excellente durabilit\u00e9. Un choix id\u00e9al pour pr\u00e9server la qualit\u00e9 de votre r\u00e9seau d\u2019eau.<\/p>","protected":false},"excerpt":{"rendered":"<p>Honeywell r\u00e9ducteur pression eau braukmann d06f 4\/4&Prime;a D06F1A<\/p>","protected":false},"featured_media":22746,"comment_status":"open","ping_status":"closed","template":"","meta":[],"product_brand":[],"product_cat":[9547,8840],"product_tag":[],"class_list":{"0":"post-14370","1":"product","2":"type-product","3":"status-publish","4":"has-post-thumbnail","6":"product_cat-reducteur-deau","7":"product_cat-test","8":"pa_marque-honeywell","10":"first","11":"instock","12":"sale","13":"taxable","14":"shipping-taxable","15":"purchasable","16":"product-type-simple"},"aioseo_notices":[],"_links":{"self":[{"href":"https:\/\/promochaudiere.be\/nl\/wp-json\/wp\/v2\/product\/14370","targetHints":{"allow":["GET"]}}],"collection":[{"href":"https:\/\/promochaudiere.be\/nl\/wp-json\/wp\/v2\/product"}],"about":[{"href":"https:\/\/promochaudiere.be\/nl\/wp-json\/wp\/v2\/types\/product"}],"replies":[{"embeddable":true,"href":"https:\/\/promochaudiere.be\/nl\/wp-json\/wp\/v2\/comments?post=14370"}],"version-history":[{"count":1,"href":"https:\/\/promochaudiere.be\/nl\/wp-json\/wp\/v2\/product\/14370\/revisions"}],"predecessor-version":[{"id":45667,"href":"https:\/\/promochaudiere.be\/nl\/wp-json\/wp\/v2\/product\/14370\/revisions\/45667"}],"wp:featuredmedia":[{"embeddable":true,"href":"https:\/\/promochaudiere.be\/nl\/wp-json\/wp\/v2\/media\/22746"}],"wp:attachment":[{"href":"https:\/\/promochaudiere.be\/nl\/wp-json\/wp\/v2\/media?parent=14370"}],"wp:term":[{"taxonomy":"product_brand","embeddable":true,"href":"https:\/\/promochaudiere.be\/nl\/wp-json\/wp\/v2\/product_brand?post=14370"},{"taxonomy":"product_cat","embeddable":true,"href":"https:\/\/promochaudiere.be\/nl\/wp-json\/wp\/v2\/product_cat?post=14370"},{"taxonomy":"product_tag","embeddable":true,"href":"https:\/\/promochaudiere.be\/nl\/wp-json\/wp\/v2\/product_tag?post=14370"}],"curies":[{"name":"wp","href":"https:\/\/api.w.org\/{rel}","templated":true}]}}