{"id":14371,"date":"2025-01-17T09:51:55","date_gmt":"2025-01-17T09:51:55","guid":{"rendered":"https:\/\/promochaudiere.be\/produit\/combicol-mp-1-0165100\/"},"modified":"2026-02-03T18:15:12","modified_gmt":"2026-02-03T17:15:12","slug":"combicol-mp-1-0165100","status":"publish","type":"product","link":"https:\/\/promochaudiere.be\/nl\/product\/combicol-mp-1-0165100\/","title":{"rendered":"COMBICOL MP 1 0165100"},"content":{"rendered":"<p>Ce mod\u00e8le de Combicol MP 1 est con\u00e7u pour assurer une distribution homog\u00e8ne de l\u2019eau dans les circuits de chauffage. Il garantit un fonctionnement optimal et une meilleure gestion des flux thermiques. Son installation est simple et rapide. Con\u00e7u en mat\u00e9riaux r\u00e9sistants, il offre une longue dur\u00e9e de vie. Un accessoire cl\u00e9 pour optimiser la performance des installations.<\/p>","protected":false},"excerpt":{"rendered":"<p>COMBICOL MP 1 0165100<\/p>","protected":false},"featured_media":21777,"comment_status":"open","ping_status":"closed","template":"","meta":[],"product_brand":[],"product_cat":[5515,8840],"product_tag":[],"class_list":{"0":"post-14371","1":"product","2":"type-product","3":"status-publish","4":"has-post-thumbnail","6":"product_cat-accessoires-fioul","7":"product_cat-test","9":"first","10":"instock","11":"sale","12":"taxable","13":"shipping-taxable","14":"purchasable","15":"product-type-simple"},"aioseo_notices":[],"_links":{"self":[{"href":"https:\/\/promochaudiere.be\/nl\/wp-json\/wp\/v2\/product\/14371","targetHints":{"allow":["GET"]}}],"collection":[{"href":"https:\/\/promochaudiere.be\/nl\/wp-json\/wp\/v2\/product"}],"about":[{"href":"https:\/\/promochaudiere.be\/nl\/wp-json\/wp\/v2\/types\/product"}],"replies":[{"embeddable":true,"href":"https:\/\/promochaudiere.be\/nl\/wp-json\/wp\/v2\/comments?post=14371"}],"version-history":[{"count":1,"href":"https:\/\/promochaudiere.be\/nl\/wp-json\/wp\/v2\/product\/14371\/revisions"}],"predecessor-version":[{"id":53039,"href":"https:\/\/promochaudiere.be\/nl\/wp-json\/wp\/v2\/product\/14371\/revisions\/53039"}],"wp:featuredmedia":[{"embeddable":true,"href":"https:\/\/promochaudiere.be\/nl\/wp-json\/wp\/v2\/media\/21777"}],"wp:attachment":[{"href":"https:\/\/promochaudiere.be\/nl\/wp-json\/wp\/v2\/media?parent=14371"}],"wp:term":[{"taxonomy":"product_brand","embeddable":true,"href":"https:\/\/promochaudiere.be\/nl\/wp-json\/wp\/v2\/product_brand?post=14371"},{"taxonomy":"product_cat","embeddable":true,"href":"https:\/\/promochaudiere.be\/nl\/wp-json\/wp\/v2\/product_cat?post=14371"},{"taxonomy":"product_tag","embeddable":true,"href":"https:\/\/promochaudiere.be\/nl\/wp-json\/wp\/v2\/product_tag?post=14371"}],"curies":[{"name":"wp","href":"https:\/\/api.w.org\/{rel}","templated":true}]}}