{"id":14373,"date":"2025-01-17T09:51:56","date_gmt":"2025-01-17T09:51:56","guid":{"rendered":"https:\/\/promochaudiere.be\/produit\/spirotech-spirotrap-boue-5-4\/"},"modified":"2026-02-03T19:39:58","modified_gmt":"2026-02-03T18:39:58","slug":"spirotech-spirotrap-boue-5-4","status":"publish","type":"product","link":"https:\/\/promochaudiere.be\/nl\/product\/spirotech-spirotrap-boue-5-4\/","title":{"rendered":"Spirotech Spirotrap boue 5\/4"},"content":{"rendered":"<p>Le s\u00e9parateur de boues Spirotech AE125 garantit une protection optimale des installations de chauffage contre l\u2019accumulation de boues et d\u2019impuret\u00e9s. Il assure un fonctionnement plus fluide et r\u00e9duit la consommation \u00e9nerg\u00e9tique en optimisant la circulation de l\u2019eau. Facile \u00e0 int\u00e9grer aux syst\u00e8mes existants, il am\u00e9liore la durabilit\u00e9 des \u00e9quipements. Un choix judicieux pour un chauffage performant et durable.<\/p>","protected":false},"excerpt":{"rendered":"<p>Spirotech Spirotrap boue 5\/4<\/p>","protected":false},"featured_media":21657,"comment_status":"open","ping_status":"closed","template":"","meta":[],"product_brand":[],"product_cat":[5527,8840],"product_tag":[],"class_list":{"0":"post-14373","1":"product","2":"type-product","3":"status-publish","4":"has-post-thumbnail","6":"product_cat-separation-dair-et-de-boues","7":"product_cat-test","8":"pa_marque-spirotech","10":"first","11":"instock","12":"sale","13":"taxable","14":"shipping-taxable","15":"purchasable","16":"product-type-simple"},"aioseo_notices":[],"_links":{"self":[{"href":"https:\/\/promochaudiere.be\/nl\/wp-json\/wp\/v2\/product\/14373","targetHints":{"allow":["GET"]}}],"collection":[{"href":"https:\/\/promochaudiere.be\/nl\/wp-json\/wp\/v2\/product"}],"about":[{"href":"https:\/\/promochaudiere.be\/nl\/wp-json\/wp\/v2\/types\/product"}],"replies":[{"embeddable":true,"href":"https:\/\/promochaudiere.be\/nl\/wp-json\/wp\/v2\/comments?post=14373"}],"version-history":[{"count":1,"href":"https:\/\/promochaudiere.be\/nl\/wp-json\/wp\/v2\/product\/14373\/revisions"}],"predecessor-version":[{"id":53038,"href":"https:\/\/promochaudiere.be\/nl\/wp-json\/wp\/v2\/product\/14373\/revisions\/53038"}],"wp:featuredmedia":[{"embeddable":true,"href":"https:\/\/promochaudiere.be\/nl\/wp-json\/wp\/v2\/media\/21657"}],"wp:attachment":[{"href":"https:\/\/promochaudiere.be\/nl\/wp-json\/wp\/v2\/media?parent=14373"}],"wp:term":[{"taxonomy":"product_brand","embeddable":true,"href":"https:\/\/promochaudiere.be\/nl\/wp-json\/wp\/v2\/product_brand?post=14373"},{"taxonomy":"product_cat","embeddable":true,"href":"https:\/\/promochaudiere.be\/nl\/wp-json\/wp\/v2\/product_cat?post=14373"},{"taxonomy":"product_tag","embeddable":true,"href":"https:\/\/promochaudiere.be\/nl\/wp-json\/wp\/v2\/product_tag?post=14373"}],"curies":[{"name":"wp","href":"https:\/\/api.w.org\/{rel}","templated":true}]}}