{"id":14374,"date":"2025-01-17T09:51:56","date_gmt":"2025-01-17T09:51:56","guid":{"rendered":"https:\/\/promochaudiere.be\/produit\/soler-palau-ventilateur-pour-salle-de-bains-silent-100-cz-12v-5210408000\/"},"modified":"2026-02-03T19:39:57","modified_gmt":"2026-02-03T18:39:57","slug":"soler-palau-ventilateur-pour-salle-de-bains-silent-100-cz-12v-5210408000","status":"publish","type":"product","link":"https:\/\/promochaudiere.be\/nl\/product\/soler-palau-ventilateur-pour-salle-de-bains-silent-100-cz-12v-5210408000\/","title":{"rendered":"SOLER &#038; PALAU VENTILATEUR POUR SALLE DE BAINS SILENT-100 CZ 12V 5210408000"},"content":{"rendered":"<p>Ce ventilateur compact Soler &#038; Palau est con\u00e7u pour les petites salles de bains n\u00e9cessitant une ventilation efficace. Son diam\u00e8tre de 80mm assure une extraction rapide de l\u2019air vici\u00e9. Son moteur silencieux et \u00e9conomique permet un fonctionnement discret et durable. Son installation est simple, adapt\u00e9e aux murs et plafonds. Id\u00e9al pour maintenir un environnement sain et sec. Une solution performante pour \u00e9viter l\u2019humidit\u00e9 excessive.<\/p>","protected":false},"excerpt":{"rendered":"<p>SOLER &#038; PALAU VENTILATEUR POUR SALLE DE BAINS SILENT-100 CZ 12V 5210408000<\/p>","protected":false},"featured_media":22396,"comment_status":"open","ping_status":"closed","template":"","meta":[],"product_brand":[],"product_cat":[5535,8840],"product_tag":[],"class_list":{"0":"post-14374","1":"product","2":"type-product","3":"status-publish","4":"has-post-thumbnail","6":"product_cat-extracteur","7":"product_cat-test","8":"pa_marque-soler-palau","10":"first","11":"instock","12":"sale","13":"taxable","14":"shipping-taxable","15":"purchasable","16":"product-type-simple"},"aioseo_notices":[],"_links":{"self":[{"href":"https:\/\/promochaudiere.be\/nl\/wp-json\/wp\/v2\/product\/14374","targetHints":{"allow":["GET"]}}],"collection":[{"href":"https:\/\/promochaudiere.be\/nl\/wp-json\/wp\/v2\/product"}],"about":[{"href":"https:\/\/promochaudiere.be\/nl\/wp-json\/wp\/v2\/types\/product"}],"replies":[{"embeddable":true,"href":"https:\/\/promochaudiere.be\/nl\/wp-json\/wp\/v2\/comments?post=14374"}],"version-history":[{"count":1,"href":"https:\/\/promochaudiere.be\/nl\/wp-json\/wp\/v2\/product\/14374\/revisions"}],"predecessor-version":[{"id":53037,"href":"https:\/\/promochaudiere.be\/nl\/wp-json\/wp\/v2\/product\/14374\/revisions\/53037"}],"wp:featuredmedia":[{"embeddable":true,"href":"https:\/\/promochaudiere.be\/nl\/wp-json\/wp\/v2\/media\/22396"}],"wp:attachment":[{"href":"https:\/\/promochaudiere.be\/nl\/wp-json\/wp\/v2\/media?parent=14374"}],"wp:term":[{"taxonomy":"product_brand","embeddable":true,"href":"https:\/\/promochaudiere.be\/nl\/wp-json\/wp\/v2\/product_brand?post=14374"},{"taxonomy":"product_cat","embeddable":true,"href":"https:\/\/promochaudiere.be\/nl\/wp-json\/wp\/v2\/product_cat?post=14374"},{"taxonomy":"product_tag","embeddable":true,"href":"https:\/\/promochaudiere.be\/nl\/wp-json\/wp\/v2\/product_tag?post=14374"}],"curies":[{"name":"wp","href":"https:\/\/api.w.org\/{rel}","templated":true}]}}