{"id":14378,"date":"2025-01-17T09:51:57","date_gmt":"2025-01-17T09:51:57","guid":{"rendered":"https:\/\/promochaudiere.be\/produit\/honeywell-filtre-avec-reducteur-de-pression-fk0634aa\/"},"modified":"2026-02-03T18:15:13","modified_gmt":"2026-02-03T17:15:13","slug":"honeywell-filtre-avec-reducteur-de-pression-fk0634aa","status":"publish","type":"product","link":"https:\/\/promochaudiere.be\/nl\/product\/honeywell-filtre-avec-reducteur-de-pression-fk0634aa\/","title":{"rendered":"Honeywell filtre avec r\u00e9ducteur de pression FK0634AA"},"content":{"rendered":"<p>Ce filtre Honeywell FK0634AA assure une double fonction de filtration et de r\u00e9gulation de la pression. Il \u00e9limine les particules solides tout en stabilisant la pression d\u2019eau dans les installations. Facile \u00e0 installer, il prot\u00e8ge efficacement les \u00e9quipements sanitaires et de chauffage. Un accessoire essentiel pour garantir un r\u00e9seau d\u2019eau performant et durable.<\/p>","protected":false},"excerpt":{"rendered":"<p>Honeywell filtre avec r\u00e9ducteur de pression FK0634AA<\/p>","protected":false},"featured_media":21455,"comment_status":"open","ping_status":"closed","template":"","meta":[],"product_brand":[],"product_cat":[9547,8840],"product_tag":[],"class_list":{"0":"post-14378","1":"product","2":"type-product","3":"status-publish","4":"has-post-thumbnail","6":"product_cat-reducteur-deau","7":"product_cat-test","8":"pa_marque-honeywell","10":"first","11":"instock","12":"sale","13":"taxable","14":"shipping-taxable","15":"purchasable","16":"product-type-simple"},"aioseo_notices":[],"_links":{"self":[{"href":"https:\/\/promochaudiere.be\/nl\/wp-json\/wp\/v2\/product\/14378","targetHints":{"allow":["GET"]}}],"collection":[{"href":"https:\/\/promochaudiere.be\/nl\/wp-json\/wp\/v2\/product"}],"about":[{"href":"https:\/\/promochaudiere.be\/nl\/wp-json\/wp\/v2\/types\/product"}],"replies":[{"embeddable":true,"href":"https:\/\/promochaudiere.be\/nl\/wp-json\/wp\/v2\/comments?post=14378"}],"version-history":[{"count":1,"href":"https:\/\/promochaudiere.be\/nl\/wp-json\/wp\/v2\/product\/14378\/revisions"}],"predecessor-version":[{"id":45665,"href":"https:\/\/promochaudiere.be\/nl\/wp-json\/wp\/v2\/product\/14378\/revisions\/45665"}],"wp:featuredmedia":[{"embeddable":true,"href":"https:\/\/promochaudiere.be\/nl\/wp-json\/wp\/v2\/media\/21455"}],"wp:attachment":[{"href":"https:\/\/promochaudiere.be\/nl\/wp-json\/wp\/v2\/media?parent=14378"}],"wp:term":[{"taxonomy":"product_brand","embeddable":true,"href":"https:\/\/promochaudiere.be\/nl\/wp-json\/wp\/v2\/product_brand?post=14378"},{"taxonomy":"product_cat","embeddable":true,"href":"https:\/\/promochaudiere.be\/nl\/wp-json\/wp\/v2\/product_cat?post=14378"},{"taxonomy":"product_tag","embeddable":true,"href":"https:\/\/promochaudiere.be\/nl\/wp-json\/wp\/v2\/product_tag?post=14378"}],"curies":[{"name":"wp","href":"https:\/\/api.w.org\/{rel}","templated":true}]}}