{"id":14380,"date":"2025-01-17T09:51:58","date_gmt":"2025-01-17T09:51:58","guid":{"rendered":"https:\/\/promochaudiere.be\/produit\/roth-kit-dextension-rang-batterie-2500l-1135002062\/"},"modified":"2026-02-03T18:15:13","modified_gmt":"2026-02-03T17:15:13","slug":"roth-kit-dextension-rang-batterie-2500l-1135002062","status":"publish","type":"product","link":"https:\/\/promochaudiere.be\/nl\/product\/roth-kit-dextension-rang-batterie-2500l-1135002062\/","title":{"rendered":"Roth kit d&rsquo;extension Rang batterie 2500L 1135002062"},"content":{"rendered":"<p>Ce kit d\u2019extension Roth permet d\u2019augmenter la capacit\u00e9 de stockage des citernes jusqu\u2019\u00e0 2500L. Il assure une installation rapide et s\u00e9curis\u00e9e. Fabriqu\u00e9 en mat\u00e9riau r\u00e9sistant, il optimise la gestion des liquides.<\/p>","protected":false},"excerpt":{"rendered":"<p>Roth kit d&rsquo;extension Rang batterie 2500L 1135002062<\/p>","protected":false},"featured_media":22627,"comment_status":"open","ping_status":"closed","template":"","meta":[],"product_brand":[],"product_cat":[5515,8840],"product_tag":[],"class_list":{"0":"post-14380","1":"product","2":"type-product","3":"status-publish","4":"has-post-thumbnail","6":"product_cat-accessoires-fioul","7":"product_cat-test","8":"pa_marque-roth","10":"first","11":"instock","12":"sale","13":"taxable","14":"shipping-taxable","15":"purchasable","16":"product-type-simple"},"aioseo_notices":[],"_links":{"self":[{"href":"https:\/\/promochaudiere.be\/nl\/wp-json\/wp\/v2\/product\/14380","targetHints":{"allow":["GET"]}}],"collection":[{"href":"https:\/\/promochaudiere.be\/nl\/wp-json\/wp\/v2\/product"}],"about":[{"href":"https:\/\/promochaudiere.be\/nl\/wp-json\/wp\/v2\/types\/product"}],"replies":[{"embeddable":true,"href":"https:\/\/promochaudiere.be\/nl\/wp-json\/wp\/v2\/comments?post=14380"}],"version-history":[{"count":1,"href":"https:\/\/promochaudiere.be\/nl\/wp-json\/wp\/v2\/product\/14380\/revisions"}],"predecessor-version":[{"id":53036,"href":"https:\/\/promochaudiere.be\/nl\/wp-json\/wp\/v2\/product\/14380\/revisions\/53036"}],"wp:featuredmedia":[{"embeddable":true,"href":"https:\/\/promochaudiere.be\/nl\/wp-json\/wp\/v2\/media\/22627"}],"wp:attachment":[{"href":"https:\/\/promochaudiere.be\/nl\/wp-json\/wp\/v2\/media?parent=14380"}],"wp:term":[{"taxonomy":"product_brand","embeddable":true,"href":"https:\/\/promochaudiere.be\/nl\/wp-json\/wp\/v2\/product_brand?post=14380"},{"taxonomy":"product_cat","embeddable":true,"href":"https:\/\/promochaudiere.be\/nl\/wp-json\/wp\/v2\/product_cat?post=14380"},{"taxonomy":"product_tag","embeddable":true,"href":"https:\/\/promochaudiere.be\/nl\/wp-json\/wp\/v2\/product_tag?post=14380"}],"curies":[{"name":"wp","href":"https:\/\/api.w.org\/{rel}","templated":true}]}}