{"id":14384,"date":"2025-01-17T09:51:59","date_gmt":"2025-01-17T09:51:59","guid":{"rendered":"https:\/\/promochaudiere.be\/produit\/vaillant-echangeur-sanitaire-064950\/"},"modified":"2026-02-03T18:15:13","modified_gmt":"2026-02-03T17:15:13","slug":"vaillant-echangeur-sanitaire-064950","status":"publish","type":"product","link":"https:\/\/promochaudiere.be\/nl\/product\/vaillant-echangeur-sanitaire-064950\/","title":{"rendered":"Vaillant \u00e9changeur sanitaire 064950"},"content":{"rendered":"<p>Cet \u00e9changeur sanitaire Vaillant assure un transfert thermique optimal pour la production d\u2019eau chaude. Il garantit une mont\u00e9e rapide en temp\u00e9rature et optimise la consommation d\u2019\u00e9nergie. Con\u00e7u pour une longue dur\u00e9e de vie, il am\u00e9liore le rendement des chaudi\u00e8res. Un composant cl\u00e9 pour un confort thermique constant.<\/p>","protected":false},"excerpt":{"rendered":"<p>Vaillant \u00e9changeur sanitaire 064950<\/p>","protected":false},"featured_media":21888,"comment_status":"open","ping_status":"closed","template":"","meta":[],"product_brand":[],"product_cat":[8917,8840],"product_tag":[],"class_list":{"0":"post-14384","1":"product","2":"type-product","3":"status-publish","4":"has-post-thumbnail","6":"product_cat-pieces-detachees-vaillant","7":"product_cat-test","8":"pa_marque-vaillant","10":"first","11":"instock","12":"sale","13":"taxable","14":"shipping-taxable","15":"purchasable","16":"product-type-simple"},"aioseo_notices":[],"_links":{"self":[{"href":"https:\/\/promochaudiere.be\/nl\/wp-json\/wp\/v2\/product\/14384","targetHints":{"allow":["GET"]}}],"collection":[{"href":"https:\/\/promochaudiere.be\/nl\/wp-json\/wp\/v2\/product"}],"about":[{"href":"https:\/\/promochaudiere.be\/nl\/wp-json\/wp\/v2\/types\/product"}],"replies":[{"embeddable":true,"href":"https:\/\/promochaudiere.be\/nl\/wp-json\/wp\/v2\/comments?post=14384"}],"version-history":[{"count":1,"href":"https:\/\/promochaudiere.be\/nl\/wp-json\/wp\/v2\/product\/14384\/revisions"}],"predecessor-version":[{"id":53033,"href":"https:\/\/promochaudiere.be\/nl\/wp-json\/wp\/v2\/product\/14384\/revisions\/53033"}],"wp:featuredmedia":[{"embeddable":true,"href":"https:\/\/promochaudiere.be\/nl\/wp-json\/wp\/v2\/media\/21888"}],"wp:attachment":[{"href":"https:\/\/promochaudiere.be\/nl\/wp-json\/wp\/v2\/media?parent=14384"}],"wp:term":[{"taxonomy":"product_brand","embeddable":true,"href":"https:\/\/promochaudiere.be\/nl\/wp-json\/wp\/v2\/product_brand?post=14384"},{"taxonomy":"product_cat","embeddable":true,"href":"https:\/\/promochaudiere.be\/nl\/wp-json\/wp\/v2\/product_cat?post=14384"},{"taxonomy":"product_tag","embeddable":true,"href":"https:\/\/promochaudiere.be\/nl\/wp-json\/wp\/v2\/product_tag?post=14384"}],"curies":[{"name":"wp","href":"https:\/\/api.w.org\/{rel}","templated":true}]}}