{"id":14386,"date":"2025-01-17T09:52:01","date_gmt":"2025-01-17T09:52:01","guid":{"rendered":"https:\/\/promochaudiere.be\/produit\/durlem-filtre-triplex-autonbo25ca25-73033\/"},"modified":"2026-02-03T19:39:56","modified_gmt":"2026-02-03T18:39:56","slug":"durlem-filtre-triplex-autonbo25ca25-73033","status":"publish","type":"product","link":"https:\/\/promochaudiere.be\/nl\/product\/durlem-filtre-triplex-autonbo25ca25-73033\/","title":{"rendered":"Durlem filtre triplex auton+bo25+ca25 73033"},"content":{"rendered":"<p>Ce filtre Durlem Triplex combine trois niveaux de filtration pour une purification maximale de l\u2019eau. Il \u00e9limine efficacement les impuret\u00e9s, les s\u00e9diments et les contaminants chimiques.<\/p>","protected":false},"excerpt":{"rendered":"<p>Durlem filtre triplex auton+bo25+ca25 73033<\/p>","protected":false},"featured_media":21725,"comment_status":"open","ping_status":"closed","template":"","meta":[],"product_brand":[],"product_cat":[336,8840],"product_tag":[],"class_list":{"0":"post-14386","1":"product","2":"type-product","3":"status-publish","4":"has-post-thumbnail","6":"product_cat-filtre-traitement-deau","7":"product_cat-test","8":"pa_marque-durlem","10":"first","11":"instock","12":"sale","13":"taxable","14":"shipping-taxable","15":"purchasable","16":"product-type-simple"},"aioseo_notices":[],"_links":{"self":[{"href":"https:\/\/promochaudiere.be\/nl\/wp-json\/wp\/v2\/product\/14386","targetHints":{"allow":["GET"]}}],"collection":[{"href":"https:\/\/promochaudiere.be\/nl\/wp-json\/wp\/v2\/product"}],"about":[{"href":"https:\/\/promochaudiere.be\/nl\/wp-json\/wp\/v2\/types\/product"}],"replies":[{"embeddable":true,"href":"https:\/\/promochaudiere.be\/nl\/wp-json\/wp\/v2\/comments?post=14386"}],"version-history":[{"count":1,"href":"https:\/\/promochaudiere.be\/nl\/wp-json\/wp\/v2\/product\/14386\/revisions"}],"predecessor-version":[{"id":45659,"href":"https:\/\/promochaudiere.be\/nl\/wp-json\/wp\/v2\/product\/14386\/revisions\/45659"}],"wp:featuredmedia":[{"embeddable":true,"href":"https:\/\/promochaudiere.be\/nl\/wp-json\/wp\/v2\/media\/21725"}],"wp:attachment":[{"href":"https:\/\/promochaudiere.be\/nl\/wp-json\/wp\/v2\/media?parent=14386"}],"wp:term":[{"taxonomy":"product_brand","embeddable":true,"href":"https:\/\/promochaudiere.be\/nl\/wp-json\/wp\/v2\/product_brand?post=14386"},{"taxonomy":"product_cat","embeddable":true,"href":"https:\/\/promochaudiere.be\/nl\/wp-json\/wp\/v2\/product_cat?post=14386"},{"taxonomy":"product_tag","embeddable":true,"href":"https:\/\/promochaudiere.be\/nl\/wp-json\/wp\/v2\/product_tag?post=14386"}],"curies":[{"name":"wp","href":"https:\/\/api.w.org\/{rel}","templated":true}]}}