{"id":14387,"date":"2025-01-17T09:52:02","date_gmt":"2025-01-17T09:52:02","guid":{"rendered":"https:\/\/promochaudiere.be\/produit\/heatpex-connect-box-distribution-10x75mm-52300000100w\/"},"modified":"2026-02-03T18:15:13","modified_gmt":"2026-02-03T17:15:13","slug":"heatpex-connect-box-distribution-10x75mm-52300000100w","status":"publish","type":"product","link":"https:\/\/promochaudiere.be\/product\/heatpex-connect-box-distribution-10x75mm-52300000100w\/","title":{"rendered":"HEATPEX CONNECT BOX DISTRIBUTION 10X75MM 52300000100W"},"content":{"rendered":"<p>Cette bo\u00eete de distribution Heatpex est con\u00e7ue pour r\u00e9partir efficacement l\u2019air dans un r\u00e9seau de ventilation \u00e0 l\u2019aide de 10 sorties de 75mm. Elle garantit une distribution homog\u00e8ne du flux d\u2019air, optimisant ainsi la performance du syst\u00e8me. Fabriqu\u00e9e avec des mat\u00e9riaux r\u00e9sistants, elle assure une \u00e9tanch\u00e9it\u00e9 parfaite et une longue dur\u00e9e de vie. Facile \u00e0 installer, elle s\u2019int\u00e8gre aux installations de ventilation centralis\u00e9e pour un rendement optimal. Id\u00e9ale pour les projets n\u00e9cessitant une r\u00e9partition \u00e9quilibr\u00e9e de l\u2019air int\u00e9rieur. Une solution essentielle pour une ventilation ma\u00eetris\u00e9e.<\/p>","protected":false},"excerpt":{"rendered":"<p>HEATPEX CONNECT BOX DISTRIBUTION 10X75MM 52300000100W<\/p>","protected":false},"featured_media":21212,"comment_status":"open","ping_status":"closed","template":"","meta":[],"product_brand":[],"product_cat":[10947],"product_tag":[],"class_list":{"0":"post-14387","1":"product","2":"type-product","3":"status-publish","4":"has-post-thumbnail","6":"product_cat-ventilation-heatpex","7":"pa_marque-heatpex","9":"first","10":"instock","11":"sale","12":"taxable","13":"shipping-taxable","14":"purchasable","15":"product-type-simple"},"aioseo_notices":[],"_links":{"self":[{"href":"https:\/\/promochaudiere.be\/nl\/wp-json\/wp\/v2\/product\/14387","targetHints":{"allow":["GET"]}}],"collection":[{"href":"https:\/\/promochaudiere.be\/nl\/wp-json\/wp\/v2\/product"}],"about":[{"href":"https:\/\/promochaudiere.be\/nl\/wp-json\/wp\/v2\/types\/product"}],"replies":[{"embeddable":true,"href":"https:\/\/promochaudiere.be\/nl\/wp-json\/wp\/v2\/comments?post=14387"}],"version-history":[{"count":1,"href":"https:\/\/promochaudiere.be\/nl\/wp-json\/wp\/v2\/product\/14387\/revisions"}],"predecessor-version":[{"id":45656,"href":"https:\/\/promochaudiere.be\/nl\/wp-json\/wp\/v2\/product\/14387\/revisions\/45656"}],"wp:featuredmedia":[{"embeddable":true,"href":"https:\/\/promochaudiere.be\/nl\/wp-json\/wp\/v2\/media\/21212"}],"wp:attachment":[{"href":"https:\/\/promochaudiere.be\/nl\/wp-json\/wp\/v2\/media?parent=14387"}],"wp:term":[{"taxonomy":"product_brand","embeddable":true,"href":"https:\/\/promochaudiere.be\/nl\/wp-json\/wp\/v2\/product_brand?post=14387"},{"taxonomy":"product_cat","embeddable":true,"href":"https:\/\/promochaudiere.be\/nl\/wp-json\/wp\/v2\/product_cat?post=14387"},{"taxonomy":"product_tag","embeddable":true,"href":"https:\/\/promochaudiere.be\/nl\/wp-json\/wp\/v2\/product_tag?post=14387"}],"curies":[{"name":"wp","href":"https:\/\/api.w.org\/{rel}","templated":true}]}}